{"id":807,"date":"2018-05-01T13:58:35","date_gmt":"2018-05-01T11:58:35","guid":{"rendered":"http:\/\/www.bastel-bastel.de\/blog\/?page_id=807"},"modified":"2022-11-25T08:18:42","modified_gmt":"2022-11-25T07:18:42","slug":"datenschutz","status":"publish","type":"page","link":"https:\/\/www.bastel-bastel.de\/blog\/index.php\/datenschutz\/","title":{"rendered":"Datenschutz"},"content":{"rendered":"\n<h4 class=\"wp-block-heading\">Deine Daten sind vor mir sicher, Du kannst diese Webseite ohne Angabe irgendwelcher pers\u00f6nlichen Daten vollst\u00e4ndig nutzen!<\/h4>\n\n\n\n<figure class=\"wp-block-image size-large\"><img loading=\"lazy\" decoding=\"async\" width=\"1024\" height=\"433\" src=\"https:\/\/www.bastel-bastel.de\/blog\/wp-content\/uploads\/2021\/12\/DSC01645-1024x433.jpg\" alt=\"Cookies\" class=\"wp-image-6548\" srcset=\"https:\/\/www.bastel-bastel.de\/blog\/wp-content\/uploads\/2021\/12\/DSC01645-1024x433.jpg 1024w, https:\/\/www.bastel-bastel.de\/blog\/wp-content\/uploads\/2021\/12\/DSC01645-300x127.jpg 300w, https:\/\/www.bastel-bastel.de\/blog\/wp-content\/uploads\/2021\/12\/DSC01645-768x324.jpg 768w, https:\/\/www.bastel-bastel.de\/blog\/wp-content\/uploads\/2021\/12\/DSC01645-1536x649.jpg 1536w, https:\/\/www.bastel-bastel.de\/blog\/wp-content\/uploads\/2021\/12\/DSC01645.jpg 2000w\" sizes=\"auto, (max-width: 1024px) 100vw, 1024px\" \/><\/figure>\n\n\n\n<h4 class=\"wp-block-heading\">Im folgenden findest Du meine Erkl\u00e4rung zur <strong>Datenschutzgrundverordnung (EU-DSGVO).<\/strong><\/h4>\n\n\n\n<p>Diese Datenschutzerkl\u00e4rung gilt f\u00fcr alle meine Hobby-Webseiten:<br>www.ingersheimwetter.de (auch www.ingersheim-wetter.de)<br>www.ludwigsburgwetter.de (auch www.wetterstation-ludwigsburg.de)<br>www.jogis-energieblog.de<br>www.bastel-bastel.de<br>www.soundprofi.de<br>Diese Domains werden alle in einem System zusammengef\u00fchrt.<\/p>\n\n\n\n<p class=\"bodytext\">=========================<\/p>\n\n\n\n<h2 class=\"bodytext wp-block-heading\"><b>Datenschutz:<\/b><\/h2>\n\n\n\n<p class=\"bodytext\">Ich freue mich \u00fcber Dein Interesse an meinen Webseiten. Der Schutz Deiner Privatsph\u00e4re ist f\u00fcr mich sehr wichtig. Nachstehend informiere ich Dich \u00fcber den Umgang mit Deinen Daten.<\/p>\n\n\n\n<p class=\"bodytext\"><b>Speicherung der Zugriffsdaten in meinem Server-Logfile<\/b><\/p>\n\n\n\n<p class=\"bodytext\">Du kannst meine Webseite besuchen ohne Angaben zu Deiner Person zu machen.<\/p>\n\n\n\n<p class=\"bodytext\">Mein Server speichert im sogenannten Server-Logfile lediglich anonymisierte Zugriffsdaten wie z.B. die angeforderten Seiten, Datum und Uhrzeit des Abrufs und \u00fcbertragende Datenmenge.<br>Diese Daten dienen im Einklang mit der Datenschutzgrundverordnung (EU-DSGVO) und dem&nbsp; Telekommunikationsgesetz (TKG) ausschlie\u00dflich der Sicherstellung eines st\u00f6rungsfreien Betriebs meiner Webseite und erlauben keine R\u00fcckschl\u00fcsse auf Deine Person.<br>Die Logdaten werden nach 7 Tagen gel\u00f6scht.<\/p>\n\n\n\n<p>Der Server steht NICHT bei einem Hosting-Anbieter, sondern bei mir im Keller.<br>Eine Weitergabe irgendwelcher Daten an Dritte ist ausgeschlossen.<\/p>\n\n\n\n<p class=\"bodytext\"><b>Erhebung pers\u00f6nlicher Daten, Weitergabe an Werbepartner, usw.<\/b><\/p>\n\n\n\n<p>Du kannst meine Webseiten besuchen, ohne irgendwelche pers\u00f6nlichen Daten mitzuteilen.<br>Es werden nur personenbezogene Daten gespeichert, wenn Du diese wie folgt eingibst:<br>Wenn Du in meinem Blog irgendeinen Beitrag kommentierst, werden als personenbezogene Daten der eingegebene Name, der Zeitpunkt des Kommentars und die angegebene eMail-Adresse erfasst. (eine Speicherung der IP-Adresse erfolgt nicht)<br>Der eingegebene Name wird bei Ver\u00f6ffentlichung des Kommentars angezeigt, andere Blog-Besucher k\u00f6nnen diesen Namen lesen.<br>Die eMail-Adresse wird NICHT ver\u00f6ffentlicht.<br>Die Angaben dienen allein dazu, einen Missbrauch der Kommentarfunktion zu verhindern und damit ich Dich eventuell kontaktieren kann, falls Dein Kommentar eine Frage ist.<br>Du kannst auch einfach statt einem Namen ein Pseudonym angeben.<br>Generell gilt: Gib keine Daten ein, dann wird auch nichts gespeichert.<\/p>\n\n\n\n<p><strong>Auskunftsrecht und Kontaktm\u00f6glichkeit.<\/strong><\/p>\n\n\n\n<p>Du hast ein Recht auf unentgeltliche Auskunft \u00fcber die bei mir zu Deiner Person gespeicherten Daten.<\/p>\n\n\n\n<p>Au\u00dferdem hast Du das Recht auf Berichtigung, Sperrung oder L\u00f6schung dieser Daten.<br>Solltest Du Fragen zur Erhebung, Verarbeitung oder Nutzung Deiner personenbezogenen Daten haben, Auskunft, Berichtigung, Sperrung oder L\u00f6schung w\u00fcnschen oder evtl. erteilte Einwilligungen widerrufen dann wende Dich bitte an mich.<br>Zudem steht Dir ein Widerspruchsrecht gegen die Datenverarbeitung zu.<br>Meine Hobbyseiten kann man ganz ohne Preisgabe irgendwelcher Daten anschauen.<\/p>\n\n\n\n<p>Wende Dich&nbsp; dazu einfach direkt an mich:<\/p>\n\n\n\n<p>Jochen Drexel<\/p>\n\n\n\n<p>Ludwig-Jahn-Str. 8<\/p>\n\n\n\n<p>74379 Ingersheim<\/p>\n\n\n\n<p>datenschutz(AT)drucker-onkel.de<\/p>\n\n\n\n<p>tel. 07142-7779804<\/p>\n\n\n\n<p><\/p>\n\n\n\n<figure class=\"wp-block-image size-large\"><img loading=\"lazy\" decoding=\"async\" width=\"1024\" height=\"682\" src=\"https:\/\/www.bastel-bastel.de\/blog\/wp-content\/uploads\/2021\/12\/DSC01632-1024x682.jpg\" alt=\"Cookies\" class=\"wp-image-6547\" srcset=\"https:\/\/www.bastel-bastel.de\/blog\/wp-content\/uploads\/2021\/12\/DSC01632-1024x682.jpg 1024w, https:\/\/www.bastel-bastel.de\/blog\/wp-content\/uploads\/2021\/12\/DSC01632-300x200.jpg 300w, https:\/\/www.bastel-bastel.de\/blog\/wp-content\/uploads\/2021\/12\/DSC01632-768x512.jpg 768w, https:\/\/www.bastel-bastel.de\/blog\/wp-content\/uploads\/2021\/12\/DSC01632-1536x1024.jpg 1536w, https:\/\/www.bastel-bastel.de\/blog\/wp-content\/uploads\/2021\/12\/DSC01632.jpg 2000w\" sizes=\"auto, (max-width: 1024px) 100vw, 1024px\" \/><\/figure>\n\n\n\n<p><strong>Verwendung von Cookies und \u00e4hnlichen Technologien<\/strong><\/p>\n\n\n\n<p><strong><em>a) eigene Cookies<\/em><\/strong><\/p>\n\n\n\n<p>F\u00fcr die Nutzung bestimmter Funktionen werden auf meiner Webseite Cookies ohne Personenbezug verwendet.<strong><br>Du kannst Deinen Browser so einstellen, dass Du die Annahme von Cookies einzeln oder generell ausschlie\u00dfen.<\/strong><\/p>\n\n\n\n<p>Meine Webseiten lassen sich generell ohne die Annahme von Cookies verwenden.<\/p>\n\n\n\n<p><em><strong>b) Drittanbieter-Cookies<\/strong><\/em><\/p>\n\n\n\n<p>Ich setze &#8222;Session-Cookies&#8220; \/ Z\u00e4hlpixel der VG Wort, M\u00fcnchen, zur Messung von Zugriffen auf Texte ein, um die Kopierwahrscheinlichkeit zu erfassen. Session-Cookies sind kleine Informationseinheiten, die ein Anbieter im Arbeitsspeicher des Computers des Besuchers speichert. In einem Session-Cookie wird eine zuf\u00e4llig erzeugte eindeutige Identifikationsnummer abgelegt, eine sogenannte Session-ID. Au\u00dferdem enth\u00e4lt ein Cookie die Angabe \u00fcber seine Herkunft und die Speicherfrist. Session-Cookies k\u00f6nnen keine anderen Daten speichern. Diese Messungen werden von der INFOnline GmbH nach dem Skalierbaren Zentralen Messverfahren (SZM) durchgef\u00fchrt. Sie helfen dabei, die Kopierwahrscheinlichkeit einzelner Texte zur Verg\u00fctung von gesetzlichen Anspr\u00fcchen von Autoren und Verlagen zu ermitteln. Wir erfassen keine personenbezogenen Daten \u00fcber Cookies.<\/p>\n\n\n\n<h4 class=\"wp-block-heading\"><strong>Beschwerderecht bei der Aufsichtsbeh\u00f6rde<\/strong><\/h4>\n\n\n\n<p>Du hast gem\u00e4\u00df Art. 77 DSGVO das Recht, Dich bei der Aufsichtsbeh\u00f6rde zu beschweren, wenn Du der Ansicht bist, dass die Verarbeitung Deiner personenbezogenen Daten nicht rechtm\u00e4\u00dfig erfolgt.<\/p>\n","protected":false},"excerpt":{"rendered":"<p>Deine Daten sind vor mir sicher, Du kannst diese Webseite ohne Angabe irgendwelcher pers\u00f6nlichen Daten vollst\u00e4ndig nutzen! Im folgenden findest<\/p>\n","protected":false},"author":1,"featured_media":0,"parent":0,"menu_order":0,"comment_status":"closed","ping_status":"closed","template":"","meta":{"footnotes":""},"class_list":["post-807","page","type-page","status-publish","hentry","comments-off"],"_links":{"self":[{"href":"https:\/\/www.bastel-bastel.de\/blog\/index.php\/wp-json\/wp\/v2\/pages\/807","targetHints":{"allow":["GET"]}}],"collection":[{"href":"https:\/\/www.bastel-bastel.de\/blog\/index.php\/wp-json\/wp\/v2\/pages"}],"about":[{"href":"https:\/\/www.bastel-bastel.de\/blog\/index.php\/wp-json\/wp\/v2\/types\/page"}],"author":[{"embeddable":true,"href":"https:\/\/www.bastel-bastel.de\/blog\/index.php\/wp-json\/wp\/v2\/users\/1"}],"replies":[{"embeddable":true,"href":"https:\/\/www.bastel-bastel.de\/blog\/index.php\/wp-json\/wp\/v2\/comments?post=807"}],"version-history":[{"count":1,"href":"https:\/\/www.bastel-bastel.de\/blog\/index.php\/wp-json\/wp\/v2\/pages\/807\/revisions"}],"predecessor-version":[{"id":8904,"href":"https:\/\/www.bastel-bastel.de\/blog\/index.php\/wp-json\/wp\/v2\/pages\/807\/revisions\/8904"}],"wp:attachment":[{"href":"https:\/\/www.bastel-bastel.de\/blog\/index.php\/wp-json\/wp\/v2\/media?parent=807"}],"curies":[{"name":"wp","href":"https:\/\/api.w.org\/{rel}","templated":true}]}}