{"id":7152,"date":"2022-04-01T09:08:09","date_gmt":"2022-04-01T07:08:09","guid":{"rendered":"https:\/\/www.bastel-bastel.de\/blog\/?page_id=7152"},"modified":"2022-05-02T09:19:19","modified_gmt":"2022-05-02T07:19:19","slug":"april-april","status":"publish","type":"page","link":"https:\/\/www.bastel-bastel.de\/blog\/index.php\/april-april\/","title":{"rendered":"April! April!"},"content":{"rendered":"\n<figure class=\"wp-block-image size-large\"><img loading=\"lazy\" decoding=\"async\" width=\"768\" height=\"1024\" src=\"https:\/\/www.bastel-bastel.de\/blog\/wp-content\/uploads\/2021\/12\/iceman-768x1024.jpg\" alt=\"April! April!\" class=\"wp-image-6671\" srcset=\"https:\/\/www.bastel-bastel.de\/blog\/wp-content\/uploads\/2021\/12\/iceman-768x1024.jpg 768w, https:\/\/www.bastel-bastel.de\/blog\/wp-content\/uploads\/2021\/12\/iceman-225x300.jpg 225w, https:\/\/www.bastel-bastel.de\/blog\/wp-content\/uploads\/2021\/12\/iceman-1152x1536.jpg 1152w, https:\/\/www.bastel-bastel.de\/blog\/wp-content\/uploads\/2021\/12\/iceman.jpg 1536w\" sizes=\"auto, (max-width: 768px) 100vw, 768px\" \/><\/figure>\n\n\n\n<img loading=\"lazy\" decoding=\"async\" src=\"https:\/\/vg08.met.vgwort.de\/na\/3557d75d73be41f1a517a0d8dbe0c1bd\" alt=\"April! April!\" width=\"1\" height=\"1\">\n\n\n\n<p>Nat\u00fcrlich kauft die reGIERung Gas bei Putin, solange es geht.<br>Nat\u00fcrlich macht unser Wirtschaftsminister langfristige Vertr\u00e4ge mit den Scheichs und schleckt beim B\u00fcckling fast den Fussboden ab.<br><br>Aber: Es gibt KEIN <strong>&#8222;Sonderverm\u00f6gen Energienotstand&#8220;<\/strong><br><br><strong>Alles nur ein Aprilscherz.<\/strong><br><br>Die reGIERung denkt nicht an Unabh\u00e4gigkeit.<br>Der Beitrag zeigt nur, was m\u00f6glich w\u00e4re. <br>Gemacht wird davon vermutlich kaum etwas.<br>Das ist schade.<br><br>Ob ein Aprilscherz in diesen Zeiten angemessen ist? <br>Ich wei\u00df es nicht!<br>Aber man sollte niemals seinen Humor verlieren, denn dann ist das Ende nah!<br><br><strong>Wenn das B\u00f6se Dich bedroht &#8211; bleibt standhaft und lache es aus!<\/strong><br><br>Also &#8211; ich hoffe, es hat Euch gefallen.<br><br><a href=\"https:\/\/www.bastel-bastel.de\/blog\/index.php\/2020\/10\/21\/das-geheimnis-der-nougats\/\"><strong>Kennt Ihr schon die Geschichte von den Nougats?<\/strong><\/a><br><\/p>\n","protected":false},"excerpt":{"rendered":"<p>Nat\u00fcrlich kauft die reGIERung Gas bei Putin, solange es geht.Nat\u00fcrlich macht unser Wirtschaftsminister langfristige Vertr\u00e4ge mit den Scheichs und schleckt<\/p>\n","protected":false},"author":1,"featured_media":0,"parent":0,"menu_order":0,"comment_status":"closed","ping_status":"closed","template":"","meta":{"footnotes":""},"class_list":["post-7152","page","type-page","status-publish","hentry","comments-off"],"_links":{"self":[{"href":"https:\/\/www.bastel-bastel.de\/blog\/index.php\/wp-json\/wp\/v2\/pages\/7152","targetHints":{"allow":["GET"]}}],"collection":[{"href":"https:\/\/www.bastel-bastel.de\/blog\/index.php\/wp-json\/wp\/v2\/pages"}],"about":[{"href":"https:\/\/www.bastel-bastel.de\/blog\/index.php\/wp-json\/wp\/v2\/types\/page"}],"author":[{"embeddable":true,"href":"https:\/\/www.bastel-bastel.de\/blog\/index.php\/wp-json\/wp\/v2\/users\/1"}],"replies":[{"embeddable":true,"href":"https:\/\/www.bastel-bastel.de\/blog\/index.php\/wp-json\/wp\/v2\/comments?post=7152"}],"version-history":[{"count":1,"href":"https:\/\/www.bastel-bastel.de\/blog\/index.php\/wp-json\/wp\/v2\/pages\/7152\/revisions"}],"predecessor-version":[{"id":7282,"href":"https:\/\/www.bastel-bastel.de\/blog\/index.php\/wp-json\/wp\/v2\/pages\/7152\/revisions\/7282"}],"wp:attachment":[{"href":"https:\/\/www.bastel-bastel.de\/blog\/index.php\/wp-json\/wp\/v2\/media?parent=7152"}],"curies":[{"name":"wp","href":"https:\/\/api.w.org\/{rel}","templated":true}]}}