{"id":7077,"date":"2022-03-23T13:28:17","date_gmt":"2022-03-23T12:28:17","guid":{"rendered":"https:\/\/www.bastel-bastel.de\/blog\/?page_id=7077"},"modified":"2022-03-23T13:30:47","modified_gmt":"2022-03-23T12:30:47","slug":"2022-2","status":"publish","type":"page","link":"https:\/\/www.bastel-bastel.de\/blog\/index.php\/2022-2\/","title":{"rendered":"Wetterstatistik 2022"},"content":{"rendered":"\n<h3 class=\"wp-block-heading\">2022 &#8211; die Monatsstatistiken in Tabellenform<\/h3>\n\n\n\n<p><a href=\"https:\/\/www.bastel-bastel.de\/blog\/wetter\/wetterdaten\/m202201.htm\"><strong>2022 &#8211; Januar<\/strong><\/a><\/p>\n\n\n\n<p><a href=\"https:\/\/www.bastel-bastel.de\/blog\/wetter\/wetterdaten\/m202202.htm\"><strong>2022 &#8211; Februar<\/strong><\/a><\/p>\n\n\n\n<p><a href=\"https:\/\/www.bastel-bastel.de\/blog\/wetter\/wetterdaten\/m202203.htm\"><strong>2022 &#8211; M\u00e4rz<\/strong><\/a><\/p>\n\n\n\n<p><a href=\"https:\/\/www.bastel-bastel.de\/blog\/wetter\/wetterdaten\/m202204.htm\"><strong>2022 &#8211; April<\/strong><\/a><\/p>\n\n\n\n<p><strong><a href=\"https:\/\/www.bastel-bastel.de\/blog\/wetter\/wetterdaten\/m202205.htm\">2022 &#8211; Mai<\/a><\/strong><\/p>\n\n\n\n<p><strong><a href=\"https:\/\/www.bastel-bastel.de\/blog\/wetter\/wetterdaten\/m202206.htm\">2022 &#8211; Juni<\/a><\/strong><\/p>\n\n\n\n<p><strong><a href=\"https:\/\/www.bastel-bastel.de\/blog\/wetter\/wetterdaten\/m202207.htm\">2022 &#8211; Juli<\/a><\/strong><\/p>\n\n\n\n<p><strong><a href=\"https:\/\/www.bastel-bastel.de\/blog\/wetter\/wetterdaten\/m202208.htm\">2022 &#8211; August<\/a><\/strong><\/p>\n\n\n\n<p><strong><a href=\"https:\/\/www.bastel-bastel.de\/blog\/wetter\/wetterdaten\/m202209.htm\">2022 &#8211; September<\/a><\/strong><\/p>\n\n\n\n<p><strong><a href=\"https:\/\/www.bastel-bastel.de\/blog\/wetter\/wetterdaten\/m202210.htm\">2022 &#8211; Oktober<\/a><\/strong><\/p>\n\n\n\n<p><strong><a href=\"https:\/\/www.bastel-bastel.de\/blog\/wetter\/wetterdaten\/m202211.htm\">2022 &#8211; November<\/a><\/strong><\/p>\n\n\n\n<p><strong><a href=\"https:\/\/www.bastel-bastel.de\/blog\/wetter\/wetterdaten\/m202212.htm\">2022 &#8211; Dezember<\/a><\/strong><\/p>\n\n\n\n<p><\/p>\n\n\n\n<p><\/p>\n\n\n\n<h3 class=\"wp-block-heading\">Das komplette Jahr im \u00dcberblick<br><\/h3>\n\n\n\n<p><strong><a href=\"https:\/\/www.bastel-bastel.de\/blog\/wetter\/wetterdaten\/j2022.htm\">2022 &#8211; Das Jahr als Tabelle<\/a><\/strong><\/p>\n\n\n\n<p><a href=\"https:\/\/www.bastel-bastel.de\/blog\/wetter\/wetterdaten\/minmax2022.htm\"><strong>2022 &#8211; Min-Max-Werte<\/strong><\/a><\/p>\n\n\n\n<p><\/p>\n\n\n\n<h3 class=\"wp-block-heading\">Alle Daten ohne Gew\u00e4hr<\/h3>\n\n\n\n<p><strong><em>Die Daten wurden hobbym\u00e4\u00dfig erfasst und sind nicht verbindlich. Verwendung zu gewerblichen Zwecken oder f\u00fcr Versicherungszwecke (Dokumentation Hagel-\/Sturmschaden, etc.) nicht zul\u00e4ssig.<\/em><\/strong><br><\/p>\n","protected":false},"excerpt":{"rendered":"<p>2022 &#8211; die Monatsstatistiken in Tabellenform 2022 &#8211; Januar 2022 &#8211; Februar 2022 &#8211; M\u00e4rz 2022 &#8211; April 2022 &#8211;<\/p>\n","protected":false},"author":1,"featured_media":0,"parent":0,"menu_order":0,"comment_status":"closed","ping_status":"closed","template":"","meta":{"footnotes":""},"class_list":["post-7077","page","type-page","status-publish","hentry","comments-off"],"_links":{"self":[{"href":"https:\/\/www.bastel-bastel.de\/blog\/index.php\/wp-json\/wp\/v2\/pages\/7077","targetHints":{"allow":["GET"]}}],"collection":[{"href":"https:\/\/www.bastel-bastel.de\/blog\/index.php\/wp-json\/wp\/v2\/pages"}],"about":[{"href":"https:\/\/www.bastel-bastel.de\/blog\/index.php\/wp-json\/wp\/v2\/types\/page"}],"author":[{"embeddable":true,"href":"https:\/\/www.bastel-bastel.de\/blog\/index.php\/wp-json\/wp\/v2\/users\/1"}],"replies":[{"embeddable":true,"href":"https:\/\/www.bastel-bastel.de\/blog\/index.php\/wp-json\/wp\/v2\/comments?post=7077"}],"version-history":[{"count":1,"href":"https:\/\/www.bastel-bastel.de\/blog\/index.php\/wp-json\/wp\/v2\/pages\/7077\/revisions"}],"predecessor-version":[{"id":7079,"href":"https:\/\/www.bastel-bastel.de\/blog\/index.php\/wp-json\/wp\/v2\/pages\/7077\/revisions\/7079"}],"wp:attachment":[{"href":"https:\/\/www.bastel-bastel.de\/blog\/index.php\/wp-json\/wp\/v2\/media?parent=7077"}],"curies":[{"name":"wp","href":"https:\/\/api.w.org\/{rel}","templated":true}]}}