{"id":3284,"date":"2021-01-01T13:09:47","date_gmt":"2021-01-01T12:09:47","guid":{"rendered":"https:\/\/www.bastel-bastel.de\/blog\/?page_id=3284"},"modified":"2021-01-01T13:09:47","modified_gmt":"2021-01-01T12:09:47","slug":"wetterstatistik-2021","status":"publish","type":"page","link":"https:\/\/www.bastel-bastel.de\/blog\/index.php\/wetterstatistik-2021\/","title":{"rendered":"Wetterstatistik 2021"},"content":{"rendered":"\n<h3 class=\"wp-block-heading\">2021 &#8211; die Monatsstatistiken in Tabellenform<\/h3>\n\n\n<p><a href=\"https:\/\/www.bastel-bastel.de\/blog\/wetter\/wetterdaten\/m202101.htm\"><strong>2021 &#8211; Januar<\/strong><\/a><\/p>\n\n\n<p><a href=\"https:\/\/www.bastel-bastel.de\/blog\/wetter\/wetterdaten\/m202102.htm\"><strong>2021 &#8211; Februar<\/strong><\/a><\/p>\n\n\n<p><a href=\"https:\/\/www.bastel-bastel.de\/blog\/wetter\/wetterdaten\/m202103.htm\"><strong>2021 &#8211; M\u00e4rz<\/strong><\/a><\/p>\n\n\n<p><a href=\"https:\/\/www.bastel-bastel.de\/blog\/wetter\/wetterdaten\/m202104.htm\"><strong>2021 &#8211; April<\/strong><\/a><\/p>\n\n\n<p><strong><a href=\"https:\/\/www.bastel-bastel.de\/blog\/wetter\/wetterdaten\/m202105.htm\">2021 &#8211; Mai<\/a><\/strong><\/p>\n\n\n<p><strong><a href=\"https:\/\/www.bastel-bastel.de\/blog\/wetter\/wetterdaten\/m202106.htm\">2021 &#8211; Juni<\/a><\/strong><\/p>\n\n\n<p><strong><a href=\"https:\/\/www.bastel-bastel.de\/blog\/wetter\/wetterdaten\/m202107.htm\">2021 &#8211; Juli<\/a><\/strong><\/p>\n\n\n<p><strong><a href=\"https:\/\/www.bastel-bastel.de\/blog\/wetter\/wetterdaten\/m202108.htm\">2021 &#8211; August<\/a><\/strong><\/p>\n\n\n<p><strong><a href=\"https:\/\/www.bastel-bastel.de\/blog\/wetter\/wetterdaten\/m202109.htm\">2021 &#8211; September<\/a><\/strong><\/p>\n\n\n<p><strong><a href=\"https:\/\/www.bastel-bastel.de\/blog\/wetter\/wetterdaten\/m202110.htm\">2021 &#8211; Oktober<\/a><\/strong><\/p>\n\n\n<p><strong><a href=\"https:\/\/www.bastel-bastel.de\/blog\/wetter\/wetterdaten\/m202111.htm\">2021 &#8211; November<\/a><\/strong><\/p>\n\n\n<p><strong><a href=\"https:\/\/www.bastel-bastel.de\/blog\/wetter\/wetterdaten\/m202112.htm\">2021 &#8211; Dezember<\/a><\/strong><\/p>\n\n\n<p><\/p>\n\n\n<p><\/p>\n\n\n<h3 class=\"wp-block-heading\">Das komplette Jahr im \u00dcberblick<br \/><\/h3>\n\n\n<p><strong><a href=\"https:\/\/www.bastel-bastel.de\/blog\/wetter\/wetterdaten\/j2021.htm\">2021 &#8211; Das Jahr als Tabelle<\/a><\/strong><\/p>\n\n\n<p><a href=\"https:\/\/www.bastel-bastel.de\/blog\/wetter\/wetterdaten\/minmax2021.htm\"><strong>2021 &#8211; Min-Max-Werte<\/strong><\/a><\/p>\n\n\n<p><\/p>\n\n\n<h3 class=\"wp-block-heading\">Alle Daten ohne Gew\u00e4hr<\/h3>\n\n\n<p><strong><em>Die Daten wurden hobbym\u00e4\u00dfig erfasst und sind nicht verbindlich. Verwendung zu gewerblichen Zwecken oder f\u00fcr Versicherungszwecke (Dokumentation Hagel-\/Sturmschaden, etc.) nicht zul\u00e4ssig.<\/em><\/strong><br \/><\/p>\n","protected":false},"excerpt":{"rendered":"<p>2021 &#8211; die Monatsstatistiken in Tabellenform 2021 &#8211; Januar 2021 &#8211; Februar 2021 &#8211; M\u00e4rz 2021 &#8211; April 2021 &#8211;<\/p>\n","protected":false},"author":1,"featured_media":0,"parent":0,"menu_order":0,"comment_status":"closed","ping_status":"closed","template":"","meta":{"footnotes":""},"class_list":["post-3284","page","type-page","status-publish","hentry","comments-off"],"_links":{"self":[{"href":"https:\/\/www.bastel-bastel.de\/blog\/index.php\/wp-json\/wp\/v2\/pages\/3284","targetHints":{"allow":["GET"]}}],"collection":[{"href":"https:\/\/www.bastel-bastel.de\/blog\/index.php\/wp-json\/wp\/v2\/pages"}],"about":[{"href":"https:\/\/www.bastel-bastel.de\/blog\/index.php\/wp-json\/wp\/v2\/types\/page"}],"author":[{"embeddable":true,"href":"https:\/\/www.bastel-bastel.de\/blog\/index.php\/wp-json\/wp\/v2\/users\/1"}],"replies":[{"embeddable":true,"href":"https:\/\/www.bastel-bastel.de\/blog\/index.php\/wp-json\/wp\/v2\/comments?post=3284"}],"version-history":[{"count":0,"href":"https:\/\/www.bastel-bastel.de\/blog\/index.php\/wp-json\/wp\/v2\/pages\/3284\/revisions"}],"wp:attachment":[{"href":"https:\/\/www.bastel-bastel.de\/blog\/index.php\/wp-json\/wp\/v2\/media?parent=3284"}],"curies":[{"name":"wp","href":"https:\/\/api.w.org\/{rel}","templated":true}]}}