{"id":30,"date":"2016-10-17T16:31:54","date_gmt":"2016-10-17T16:31:54","guid":{"rendered":"http:\/\/www.bastel-bastel.de\/blog\/?page_id=2"},"modified":"2026-01-16T15:33:19","modified_gmt":"2026-01-16T14:33:19","slug":"impressum","status":"publish","type":"page","link":"https:\/\/www.bastel-bastel.de\/blog\/index.php\/impressum\/","title":{"rendered":"Impressum"},"content":{"rendered":"\n<p>Verantwortlich f\u00fcr den Inhalt der Seiten unter <br><strong>www.bastel-bastel.de<\/strong> und <strong>www.ingersheimwetter.de:<\/strong><\/p>\n\n\n\n<figure class=\"wp-block-image size-large\"><img loading=\"lazy\" decoding=\"async\" width=\"689\" height=\"1024\" src=\"https:\/\/www.bastel-bastel.de\/blog\/wp-content\/uploads\/2026\/01\/it-service-689x1024.png\" alt=\"\" class=\"wp-image-12591\" srcset=\"https:\/\/www.bastel-bastel.de\/blog\/wp-content\/uploads\/2026\/01\/it-service-689x1024.png 689w, https:\/\/www.bastel-bastel.de\/blog\/wp-content\/uploads\/2026\/01\/it-service-202x300.png 202w, https:\/\/www.bastel-bastel.de\/blog\/wp-content\/uploads\/2026\/01\/it-service-768x1142.png 768w, https:\/\/www.bastel-bastel.de\/blog\/wp-content\/uploads\/2026\/01\/it-service.png 975w\" sizes=\"auto, (max-width: 689px) 100vw, 689px\" \/><figcaption class=\"wp-element-caption\">Die Welt ist am Arsch, daher schreibt der &#8222;m\u00fcrrische alte Mann&#8220; hier seine Meinung.<br>Unzensiert und unangenehm, aber weder links noch rechts &#8211; Politik jeder Farbe und Richtung geht mir am Popo vorbei.<br><\/figcaption><\/figure>\n\n\n\n<p>Jochen Drexel, Ludwig-Jahn-Str. 8, 74379 Ingersheim<\/p>\n\n\n\n<p>Telefon: 07142-7779804&nbsp; <\/p>\n\n\n\n<p>eMail: bastel[at]drucker-onkel.de<br><br><strong>Achtung &#8211; diese Adresse steht da nur, weil es Vorschrift ist!<br>Die ist NICHT f\u00fcr Werbung gedacht!<br>Gerne d\u00fcrft Ihr KOMMENTARE auf meiner Webseite hinterlassen. (unter den jeweiligen Themen)<br>Da antworte ich dann gerne auch drauf, wenn es sachlich ist und zum Thema passt.<br>Mails an diese Adresse (Lob, vernichtende Kritik, Beschimpfungen) werde NICHT beantwortet.<\/strong><br><br><strong><em><br>Die Summe menschlicher Intelligenz ist eine Konstante.<br>Die Weltbev\u00f6lkerung w\u00e4chst.<br>Warum wunderst Du Dich also?<\/em><\/strong><\/p>\n\n\n\n<p>Anzumerken w\u00e4re, da\u00df es sich bei <a href=\"https:\/\/www.bastel-bastel.de\">www.bastel-bastel.de<\/a> und <a href=\"https:\/\/www.ingersheimwetter.de\">www.ingersheimwetter.de<\/a> um ein rein privates Projekt handelt.<\/p>\n\n\n\n<p><strong>Du kannst auf dieser Seite weder etwas kaufen noch bestellen.<\/strong><\/p>\n\n\n\n<p>Falls Du meine kommerzielle Seite sehen willst, dann schau doch mal auf <a href=\"https:\/\/www.drucker-onkel.de\">www.drucker-onkel.de<\/a> vorbei.<\/p>\n\n\n\n<p>Weitere private Projekte von mir findest Du unter <a href=\"https:\/\/www.ingersheimwetter.de\">www.ingersheimwetter.de<\/a>, <a href=\"https:\/\/www.wetterstation-ludwigsburg.de\">www.wetterstation-ludwigsburg.de<\/a><br>Auch Soundprofi.de und jogis-energieblog.de sind meins!<br><br>Der Einfachheit halber verlinken diese Seiten auf die aktuelle Seite, insgesamt ist eben alles ein Gebastel.<\/p>\n\n\n\n<p><strong>Gender-Gaga<\/strong><\/p>\n\n\n\n<p>Der Inhalt dieser Webseite richtet sich an alle Geschlechter, auch Mehrgeschlechtliche und Geschlechtslose sind willkommen. <br>Einzig SCHLECHTE Menschen sind nicht erw\u00fcnscht.<br>Gegendert wird hier allerdings nicht.<br><br><strong>Vegan-Info<\/strong><br>Bei der Erstellung und beim Betrieb dieser Webseite ist kein Tier zu Schaden gekommen.<br><br><strong>Kultur-Info<\/strong><br>Der Betrieb der Webseite erfolgt mit dem Betriebssystem eines finnischen Programmierers. Einzelne Teile der Hardware sind aus USA, Taiwan, China und anderen Kulturen. Insofern mache ich mich wohl der kulturellen Aneignung schuldig.<br>Die Verwendung fremder Kulturg\u00fcter wird aber auf ein Minimum beschr\u00e4nkt.<br>Im Gegenzug erlaube ich allen V\u00f6lkern den Besuch und die Nutzung meiner Webseite.<br><br>Das Festkleben dieser Webseite als Bookmark am Rand des Browsers ist hiermit eindeutig erw\u00fcnscht.<\/p>\n\n\n\n<p><\/p>\n\n\n\n<p><strong>Neuland-Klausel<\/strong><\/p>\n\n\n\n<p>Da irgendein Gericht irgendwann einmal gesagt hat, dass man f\u00fcr jeden Inhalt verantwortlich ist, den man im Neuland verlinkt, distanziere ich mich hiermit von allen Inhalten, die ich auf meiner Seite je ver\u00f6ffentlicht habe oder ver\u00f6ffentlichen werde. <br>Au\u00dferdem sind s\u00e4mtliche Links nur deswegen gesetzt, damit Du draufklickst und weiteren Unsinn konsumierst. <br>Das dient einzig dazu, Deine Meinung zu beeinflussen und Deine Gedanken zu steuern!<br><br>Der hinter jeglichen Links befindliche Inhalt ist mir egal. <br>Wenn Du einen Link anklickst, dann geschieht das auf Deine eigene Gefahr.<br><br>Klick hier &#8212;&gt;<a href=\"https:\/\/www.bastel-bastel.de\/blog\/index.php\/hallo-dauerklicker\/\"><strong> Klick einfach nicht auf jeden Scheiss!   <\/strong><\/a>&lt;&#8212; klick hier<\/p>\n\n\n\n<p><\/p>\n\n\n\n<p><strong><a href=\"https:\/\/www.bastel-bastel.de\/blog\/index.php\/2021\/03\/15\/trackingfrei-und-googlefrei\/\">Diese Seite ist TRACKINGFREI und auch frei von irgendwelchen Google Fonts oder anderem Zeug<\/a><\/strong><br><br>Alle auf dieser Webpr\u00e4senz get\u00e4tigten Aussagen sind meine pers\u00f6nliche Meinung. <br>Eingestreute Kraftworte sind Ausdruck meines Tourette-Syndroms.<\/p>\n\n\n\n<p><strong>Die Menschheit ist bl\u00f6de.<\/strong><br>Da ich Teil der Menschheit bin, schlie\u00dft mich das nat\u00fcrlich mit ein.<br>Sicher gibt es Ausnahmen und ganz bestimmt z\u00e4hlst Du Dich auch dazu.<br>Da ich Dich nicht kenne, kann ich da nicht widersprechen.<br>Gl\u00fcckwunsch, Du geh\u00f6rst einer Minderheit an!<br><br>Politiker, Bankster, Anw\u00e4lte, (un)rechtsverfolgungsbeh\u00f6rden und weitere verd\u00e4chtige Gruppen, die ich willk\u00fcrlich und nach subjektiven Kriterien ausw\u00e4hle, sind unabh\u00e4ngig ihrer Rasse, ihres Geschlechts, oder ihrer Weltanschauung auf dieser Seite nicht erw\u00fcnscht. <br>Die Auswahl erfolgt allein aufgrund der jeweiligen Geisteshaltung der Person oder Personengruppe.<br>Ausnahmen sind nach Pr\u00fcfung der individuellen Person m\u00f6glich.<br><br>Da ich s\u00e4mtlichen staatlichen Beh\u00f6rden hiermit Hausverbot auf meiner Webseite erteile, sind irgendwelche Beweise f\u00fcr irgendwelche Dinge, die ich angeblich hier ver\u00f6ffentlicht habe, illegal erlangte Beweismittel und damit nicht gegen mich verwertbar.<br><br>Vorsichtshalber weise ich bereits vorab darauf hin, dass die Seite nur nach aktuellem Stand der Technik und den Hinweisen des BSI gesichert werden kann. Da die Staaten selbst Trojaner und Backdoors verwenden, gegen die sich ein normaler Mensch nicht sch\u00fctzen kann, behaupte ich, dass alle rechtswidrigen Inhalte FAKE-News sind, die nicht von mir eingebaut wurden.<br><br>Auf Wunsch k\u00f6nnen auch Politiker, Bankster und Anw\u00e4lte f\u00fcr diese Webseite freigeschaltet werden,<br>sofern sie nicht das dadurch zu erlangende Wissen gegen mich einsetzen.<br>Die Einschr\u00e4nkung dient einzig und allein zu meinem pers\u00f6nlichen Schutz!<\/p>\n\n\n\n<p>Auf dieser Seite sind nur Normale und Bekloppte erw\u00fcnscht. <br>Menschen, die Bekloppte abmahnen, weil sie beklopptes Zeug von sich geben, sollen eine Arml\u00e4nge von dieser Webseite <strong>Abstand halten!<\/strong><br><br><strong>Alles meins!<\/strong><br>Bilder und Texte sind Produkt meines Genies. Kopieren und Klauen verboten!<br>Auf Wunsch kann man bei angemessener W\u00fcrdigung und\/oder Bezahlung gerne dr\u00fcber reden, ob Du Bilder oder Texte von meiner Webseite verwenden darfst.<br>Ich bin zwar kein Politiker, aber in diesem Fall k\u00e4uflich.<br><br><strong>Kurzfassung:<\/strong><br>F\u00fcr das Lesen und Verstehen der Inhalte dieser Seite gilt der gesunde Menschenverstand, sofern vorhanden!<br><\/p>\n\n\n\n<p><strong>Warnung<\/strong><\/p>\n\n\n\n<p>Der Konsum von Inhalten auf dieser Webseite kann Deine Geisteshaltung und Deine Meinung beeinflussen. Einige Aussagen k\u00f6nnen Dich verwirren oder Dir unsinnig vorkommen.<br>Das ist ganz normal, wenn man das erste Mal die Wahrheit erf\u00e4hrt.<br><br>Alle Informationen wurden genauestens recherchiert und auf ihre Wahrheitsferne gepr\u00fcft.<br><br>Keine Inhaber irgendeiner Marke, egal ob Farbe, Text, Bild oder Ton, haben ihre Zustimmung zur Verwendung auf dieser Seite gegeben, daher wurden auch keine Marken verwendet.<br>Sollte irgendein Wort, Bild, eine Farbe oder ein vertonter Furz identisch sein, mit irgendeiner registrierten Marke, dann basiert das auf einem Versehen.<br>Falls sich irgendwer falsch dargestellt f\u00fchlt, dann ver\u00f6ffentliche ich gerne und jederzeit eine Gegendarstellung, insofern sie berechtigt ist.<br><br>Einige Farben wurden von mir verwendet, sowie Ortsangaben und g\u00e4ngige Begriffe, die vielleicht gesch\u00fctzt sind, da ich der Meinung bin, dass Farben, Orte und Worte der Allgemeinheit geh\u00f6ren und nicht von Konzernen reserviert oder gesch\u00fctzt werden d\u00fcrfen!<br><br>Alle verwendeten Namen von Personen sind rein fiktiv und stehen in keinster Weise in Verbindung zu real existierenden Personen, Gruppierungen oder sonstigen Seins.<\/p>\n\n\n\n<p><strong>Achtung Satire<\/strong><\/p>\n\n\n\n<p>Der Inhalt dieser Webseite ist in keinster Weise ernst gemeint und wenn sich manche Dinge ernst lesen, dann ist das in keinster Weise beabsichtigt &#8211; und das ist mein voller Ernst!<br>Wer Inhalte dieser Webseite ernst nimmt, ist bekloppt &#8211; willkommen im Club!<br><\/p>\n\n\n\n<p><strong>Du bist doof!<\/strong><\/p>\n\n\n\n<p>Obige Aussage ist ein Test!<br>Wenn Dich diese Aussage in irgendeiner Weise beleidigt, beeinflusst oder behindert, dann solltest Du diese Webseite bitte schnellstm\u00f6glich verlassen. Auf dieser Seite wird Klartext geschrieben.<br>Ich bin doof, Du bist doof, er\/sie\/es ist doof. Wir sind alle ein bisschen Gaga.<br>Das muss auch mal gesagt werden d\u00fcrfen!<\/p>\n\n\n\n<p>Falls Du also ein Anwalt bist, oder Du an eine Abmahnung denkst, weil ich Dich pers\u00f6nlich angesprochen habe: <br>Ich kenne Dich \u00fcberhaupt nicht. Was willst Du \u00fcberhaupt auf meiner Webseite!?<br>Wenn Du das gelesen hast, dann musst Du vorher selbst aktiv diese Webseite angesurft haben und das ist wirklich doof! Dann bist Du selbst schuld. Du musst das nicht lesen. Geh einfach!<br><br>F\u00fcr alle anderen gilt: war nicht so gemeint, willkommen im Club der Bekloppten und viel Spa\u00df auf meiner Webseite!<br><br><strong>Wetter!<\/strong><br>\u00dcbrigens &#8211; das einzig ernste auf meiner Webseite ist das Wetter!<br>Aber Vorsicht &#8211; manchmal sind die Wetterdaten echt zum heulen!<br><a href=\"https:\/\/www.ingersheim-wetter.de\">Zieh Dich warm an, bevor Du die Wetterseite ansurfst, vor allem im Winter!<\/a><\/p>\n\n\n\n<figure class=\"wp-block-image size-large\"><img loading=\"lazy\" decoding=\"async\" width=\"768\" height=\"1024\" src=\"https:\/\/www.bastel-bastel.de\/blog\/wp-content\/uploads\/2021\/11\/IMG_0901-768x1024.jpg\" alt=\"\" class=\"wp-image-6014\" srcset=\"https:\/\/www.bastel-bastel.de\/blog\/wp-content\/uploads\/2021\/11\/IMG_0901-768x1024.jpg 768w, https:\/\/www.bastel-bastel.de\/blog\/wp-content\/uploads\/2021\/11\/IMG_0901-225x300.jpg 225w, https:\/\/www.bastel-bastel.de\/blog\/wp-content\/uploads\/2021\/11\/IMG_0901-1152x1536.jpg 1152w, https:\/\/www.bastel-bastel.de\/blog\/wp-content\/uploads\/2021\/11\/IMG_0901.jpg 1500w\" sizes=\"auto, (max-width: 768px) 100vw, 768px\" \/><\/figure>\n\n\n\n<p>Du hast das Ende dieser Seite erreicht &#8211; kehre um, bevor es zu sp\u00e4t ist!<br><strong><a href=\"https:\/\/www.bastel-bastel.de\/blog\/\">Geh nicht durch diese T\u00fcr!<\/a><\/strong><\/p>\n\n\n\n<img loading=\"lazy\" decoding=\"async\" src=\"https:\/\/vg02.met.vgwort.de\/na\/b435bb74ccde499a8bb9bebbe734de5c\" alt=\"\" width=\"1\" height=\"1\">\n","protected":false},"excerpt":{"rendered":"<p>Verantwortlich f\u00fcr den Inhalt der Seiten unter www.bastel-bastel.de und www.ingersheimwetter.de: Jochen Drexel, Ludwig-Jahn-Str. 8, 74379 Ingersheim Telefon: 07142-7779804&nbsp; eMail: bastel[at]drucker-onkel.de<\/p>\n","protected":false},"author":1,"featured_media":0,"parent":0,"menu_order":0,"comment_status":"closed","ping_status":"open","template":"","meta":{"footnotes":""},"class_list":["post-30","page","type-page","status-publish","hentry","comments-off"],"_links":{"self":[{"href":"https:\/\/www.bastel-bastel.de\/blog\/index.php\/wp-json\/wp\/v2\/pages\/30","targetHints":{"allow":["GET"]}}],"collection":[{"href":"https:\/\/www.bastel-bastel.de\/blog\/index.php\/wp-json\/wp\/v2\/pages"}],"about":[{"href":"https:\/\/www.bastel-bastel.de\/blog\/index.php\/wp-json\/wp\/v2\/types\/page"}],"author":[{"embeddable":true,"href":"https:\/\/www.bastel-bastel.de\/blog\/index.php\/wp-json\/wp\/v2\/users\/1"}],"replies":[{"embeddable":true,"href":"https:\/\/www.bastel-bastel.de\/blog\/index.php\/wp-json\/wp\/v2\/comments?post=30"}],"version-history":[{"count":1,"href":"https:\/\/www.bastel-bastel.de\/blog\/index.php\/wp-json\/wp\/v2\/pages\/30\/revisions"}],"predecessor-version":[{"id":12592,"href":"https:\/\/www.bastel-bastel.de\/blog\/index.php\/wp-json\/wp\/v2\/pages\/30\/revisions\/12592"}],"wp:attachment":[{"href":"https:\/\/www.bastel-bastel.de\/blog\/index.php\/wp-json\/wp\/v2\/media?parent=30"}],"curies":[{"name":"wp","href":"https:\/\/api.w.org\/{rel}","templated":true}]}}