{"id":1430,"date":"2018-12-16T17:04:41","date_gmt":"2018-12-16T16:04:41","guid":{"rendered":"https:\/\/www.bastel-bastel.de\/blog\/?page_id=1430"},"modified":"2018-12-16T17:04:41","modified_gmt":"2018-12-16T16:04:41","slug":"wetterstatistik-2007","status":"publish","type":"page","link":"https:\/\/www.bastel-bastel.de\/blog\/index.php\/wetterstatistik-2007\/","title":{"rendered":"Wetterstatistik 2007"},"content":{"rendered":"\n<h3 class=\"wp-block-heading\">2007 &#8211; die Monatsstatistiken in Tabellenform<\/h3>\n\n\n<p><strong><a href=\"https:\/\/www.bastel-bastel.de\/blog\/wetter\/wetterdaten\/m200701.htm\">2007 &#8211; Januar<\/a><\/strong><\/p>\n\n\n<p><strong><a href=\"https:\/\/www.bastel-bastel.de\/blog\/wetter\/wetterdaten\/m200702.htm\">2007 &#8211; Februar<\/a><\/strong><\/p>\n\n\n<p><strong><a href=\"https:\/\/www.bastel-bastel.de\/blog\/wetter\/wetterdaten\/m200703.htm\">2007 &#8211; M\u00e4rz<\/a><\/strong><\/p>\n\n\n<p><a href=\"https:\/\/www.bastel-bastel.de\/blog\/wetter\/wetterdaten\/m200704.htm\"><strong>2007 &#8211; April<\/strong><\/a><\/p>\n\n\n<p><strong><a href=\"https:\/\/www.bastel-bastel.de\/blog\/wetter\/wetterdaten\/m200705.htm\">2007 &#8211; Mai<\/a><\/strong><\/p>\n\n\n<p><strong><a href=\"https:\/\/www.bastel-bastel.de\/blog\/wetter\/wetterdaten\/m200706.htm\">2007 &#8211; Juni<\/a><\/strong><\/p>\n\n\n<p><strong><a href=\"https:\/\/www.bastel-bastel.de\/blog\/wetter\/wetterdaten\/m200707.htm\">2007 &#8211; Juli<\/a><\/strong><\/p>\n\n\n<p><strong><a href=\"https:\/\/www.bastel-bastel.de\/blog\/wetter\/wetterdaten\/m200708.htm\">2007 &#8211; August<\/a><\/strong><\/p>\n\n\n<p><strong><a href=\"https:\/\/www.bastel-bastel.de\/blog\/wetter\/wetterdaten\/m200709.htm\">2007 &#8211; September<\/a><\/strong><\/p>\n\n\n<p><strong><a href=\"https:\/\/www.bastel-bastel.de\/blog\/wetter\/wetterdaten\/m200710.htm\">2007 &#8211; Oktober<\/a><\/strong><\/p>\n\n\n<p><strong><a href=\"https:\/\/www.bastel-bastel.de\/blog\/wetter\/wetterdaten\/m200711.htm\">2007 &#8211; November<\/a><\/strong><\/p>\n\n\n<p><strong><a href=\"https:\/\/www.bastel-bastel.de\/blog\/wetter\/wetterdaten\/m200712.htm\">2007 &#8211; Dezember<\/a><\/strong><\/p>\n\n\n<p><\/p>\n\n\n<p><\/p>\n\n\n<h3 class=\"wp-block-heading\">Das komplette Jahr im \u00dcberblick<br \/><\/h3>\n\n\n<p><strong><a href=\"https:\/\/www.bastel-bastel.de\/blog\/wetter\/wetterdaten\/j2007.htm\">2007 &#8211; Das Jahr als Tabelle<\/a><\/strong><\/p>\n\n\n<p><a href=\"https:\/\/www.bastel-bastel.de\/blog\/wetter\/wetterdaten\/minmax2007.htm\"><strong>2007 &#8211; Min-Max-Werte<\/strong><\/a><\/p>\n\n\n<p><\/p>\n\n\n<h3 class=\"wp-block-heading\">Alle Daten ohne Gew\u00e4hr<\/h3>\n\n\n<p><strong><em>Die Daten wurden hobbym\u00e4\u00dfig erfasst und sind nicht verbindlich. Verwendung zu gewerblichen Zwecken oder f\u00fcr Versicherungszwecke (Dokumentation Hagel-\/Sturmschaden, etc.) nicht zul\u00e4ssig.<\/em><\/strong><br \/><\/p>\n","protected":false},"excerpt":{"rendered":"<p>2007 &#8211; die Monatsstatistiken in Tabellenform 2007 &#8211; Januar 2007 &#8211; Februar 2007 &#8211; M\u00e4rz 2007 &#8211; April 2007 &#8211;<\/p>\n","protected":false},"author":1,"featured_media":0,"parent":0,"menu_order":0,"comment_status":"closed","ping_status":"closed","template":"","meta":{"footnotes":""},"class_list":["post-1430","page","type-page","status-publish","hentry","comments-off"],"_links":{"self":[{"href":"https:\/\/www.bastel-bastel.de\/blog\/index.php\/wp-json\/wp\/v2\/pages\/1430","targetHints":{"allow":["GET"]}}],"collection":[{"href":"https:\/\/www.bastel-bastel.de\/blog\/index.php\/wp-json\/wp\/v2\/pages"}],"about":[{"href":"https:\/\/www.bastel-bastel.de\/blog\/index.php\/wp-json\/wp\/v2\/types\/page"}],"author":[{"embeddable":true,"href":"https:\/\/www.bastel-bastel.de\/blog\/index.php\/wp-json\/wp\/v2\/users\/1"}],"replies":[{"embeddable":true,"href":"https:\/\/www.bastel-bastel.de\/blog\/index.php\/wp-json\/wp\/v2\/comments?post=1430"}],"version-history":[{"count":0,"href":"https:\/\/www.bastel-bastel.de\/blog\/index.php\/wp-json\/wp\/v2\/pages\/1430\/revisions"}],"wp:attachment":[{"href":"https:\/\/www.bastel-bastel.de\/blog\/index.php\/wp-json\/wp\/v2\/media?parent=1430"}],"curies":[{"name":"wp","href":"https:\/\/api.w.org\/{rel}","templated":true}]}}