{"id":1412,"date":"2018-12-16T15:16:48","date_gmt":"2018-12-16T14:16:48","guid":{"rendered":"https:\/\/www.bastel-bastel.de\/blog\/?page_id=1412"},"modified":"2018-12-16T15:16:48","modified_gmt":"2018-12-16T14:16:48","slug":"wetterstatistik-2016","status":"publish","type":"page","link":"https:\/\/www.bastel-bastel.de\/blog\/index.php\/wetterstatistik-2016\/","title":{"rendered":"Wetterstatistik 2016"},"content":{"rendered":"\n<h3 class=\"wp-block-heading\">2016 &#8211; die Monatsstatistiken in Tabellenform<\/h3>\n\n\n<p><strong><a href=\"https:\/\/www.bastel-bastel.de\/blog\/wetter\/wetterdaten\/m201601.htm\">2016 &#8211; Januar<\/a><\/strong><\/p>\n\n\n<p><strong><a href=\"https:\/\/www.bastel-bastel.de\/blog\/wetter\/wetterdaten\/m201602.htm\">2016 &#8211; Februar<\/a><\/strong><\/p>\n\n\n<p><strong><a href=\"https:\/\/www.bastel-bastel.de\/blog\/wetter\/wetterdaten\/m201603.htm\">2016 &#8211; M\u00e4rz<\/a><\/strong><\/p>\n\n\n<p><a href=\"https:\/\/www.bastel-bastel.de\/blog\/wetter\/wetterdaten\/m201604.htm\"><strong>2016 &#8211; April<\/strong><\/a><\/p>\n\n\n<p><strong><a href=\"https:\/\/www.bastel-bastel.de\/blog\/wetter\/wetterdaten\/m201605.htm\">2016 &#8211; Mai<\/a><\/strong><\/p>\n\n\n<p><strong><a href=\"https:\/\/www.bastel-bastel.de\/blog\/wetter\/wetterdaten\/m201606.htm\">2016 &#8211; Juni<\/a><\/strong><\/p>\n\n\n<p><strong><a href=\"https:\/\/www.bastel-bastel.de\/blog\/wetter\/wetterdaten\/m201607.htm\">2016 &#8211; Juli<\/a><\/strong><\/p>\n\n\n<p><strong><a href=\"https:\/\/www.bastel-bastel.de\/blog\/wetter\/wetterdaten\/m201608.htm\">2016 &#8211; August<\/a><\/strong><\/p>\n\n\n<p><strong><a href=\"https:\/\/www.bastel-bastel.de\/blog\/wetter\/wetterdaten\/m201609.htm\">2016 &#8211; September<\/a><\/strong><\/p>\n\n\n<p><strong><a href=\"https:\/\/www.bastel-bastel.de\/blog\/wetter\/wetterdaten\/m201610.htm\">2016 &#8211; Oktober<\/a><\/strong><\/p>\n\n\n<p><strong><a href=\"https:\/\/www.bastel-bastel.de\/blog\/wetter\/wetterdaten\/m201611.htm\">2016 &#8211; November<\/a><\/strong><\/p>\n\n\n<p><strong><a href=\"https:\/\/www.bastel-bastel.de\/blog\/wetter\/wetterdaten\/m201612.htm\">2016 &#8211; Dezember<\/a><\/strong><\/p>\n\n\n<p><\/p>\n\n\n<p><\/p>\n\n\n<h3 class=\"wp-block-heading\">Das komplette Jahr im \u00dcberblick<br \/><\/h3>\n\n\n<p><strong><a href=\"https:\/\/www.bastel-bastel.de\/blog\/wetter\/wetterdaten\/j2016.htm\">2016 &#8211; Das Jahr als Tabelle<\/a><\/strong><\/p>\n\n\n<p><a href=\"https:\/\/www.bastel-bastel.de\/blog\/wetter\/wetterdaten\/minmax2016.htm\"><strong>2016 &#8211; Min-Max-Werte<\/strong><\/a><\/p>\n\n\n<p><\/p>\n\n\n<h3 class=\"wp-block-heading\">Alle Daten ohne Gew\u00e4hr<\/h3>\n\n\n<p><strong><em>Die Daten wurden hobbym\u00e4\u00dfig erfasst und sind nicht verbindlich. Verwendung zu gewerblichen Zwecken oder f\u00fcr Versicherungszwecke (Dokumentation Hagel-\/Sturmschaden, etc.) nicht zul\u00e4ssig.<\/em><\/strong><br \/><\/p>\n","protected":false},"excerpt":{"rendered":"<p>2016 &#8211; die Monatsstatistiken in Tabellenform 2016 &#8211; Januar 2016 &#8211; Februar 2016 &#8211; M\u00e4rz 2016 &#8211; April 2016 &#8211;<\/p>\n","protected":false},"author":1,"featured_media":0,"parent":0,"menu_order":0,"comment_status":"closed","ping_status":"closed","template":"","meta":{"footnotes":""},"class_list":["post-1412","page","type-page","status-publish","hentry","comments-off"],"_links":{"self":[{"href":"https:\/\/www.bastel-bastel.de\/blog\/index.php\/wp-json\/wp\/v2\/pages\/1412","targetHints":{"allow":["GET"]}}],"collection":[{"href":"https:\/\/www.bastel-bastel.de\/blog\/index.php\/wp-json\/wp\/v2\/pages"}],"about":[{"href":"https:\/\/www.bastel-bastel.de\/blog\/index.php\/wp-json\/wp\/v2\/types\/page"}],"author":[{"embeddable":true,"href":"https:\/\/www.bastel-bastel.de\/blog\/index.php\/wp-json\/wp\/v2\/users\/1"}],"replies":[{"embeddable":true,"href":"https:\/\/www.bastel-bastel.de\/blog\/index.php\/wp-json\/wp\/v2\/comments?post=1412"}],"version-history":[{"count":0,"href":"https:\/\/www.bastel-bastel.de\/blog\/index.php\/wp-json\/wp\/v2\/pages\/1412\/revisions"}],"wp:attachment":[{"href":"https:\/\/www.bastel-bastel.de\/blog\/index.php\/wp-json\/wp\/v2\/media?parent=1412"}],"curies":[{"name":"wp","href":"https:\/\/api.w.org\/{rel}","templated":true}]}}