{"id":1374,"date":"2018-12-16T14:17:28","date_gmt":"2018-12-16T13:17:28","guid":{"rendered":"https:\/\/www.bastel-bastel.de\/blog\/?page_id=1374"},"modified":"2018-12-16T14:17:28","modified_gmt":"2018-12-16T13:17:28","slug":"historic","status":"publish","type":"page","link":"https:\/\/www.bastel-bastel.de\/blog\/index.php\/historic\/","title":{"rendered":"Historic"},"content":{"rendered":"\n<p>Neuerungen \/ \u00c4nderungen an www.ingersheimwetter.de<br \/><\/p>\n\n\n<p>nat\u00fcrlich \u00e4ndert sich auch immer mal wieder etwas auf meiner Webseite.<\/p>\n\n\n<p>Einige Dinge l\u00f6scht man weil sie \u00fcberholt sind, andere sind zwar \u00fcberholt aber zu schade zum L\u00f6schen. <\/p>\n\n\n<p>Daher findest Du auf den folgenden Seiten Informationen zu meiner Wetterstation von fr\u00fcheren Zeiten.<\/p>\n\n\n<p><strong>\u00c4nderungen<\/strong>:<\/p>\n\n\n<ul class=\"wp-block-list\"><li>Dezember 2018 wurde die Wetterseite auf WordPress umgestellt<\/li><li><\/li><\/ul>\n\n\n<p>\nVon 2005 bis 2018 lief www.ingersheimwetter.de unter Typo3.\n<\/p>\n\n\n<p>\nBei jedem Update lief irgendetwas nicht oder musste aktualisiert werden,\n das System war auch f\u00fcr so eine kleine Webseite einfach zu\nkomplex.Allerdings ist es schwer, mehrere hundert Seiten mal eben auf\nein anderes System umzustellen.\n<\/p>\n\n\n<p>Aber Ende 2018 war es dann wirklich n\u00f6tig. Php5.6 war am Support-Ende angelangt und das Update auf neuere Typo3-Versionen war aufw\u00e4ndiger als die Umstellung auf WordPress. Da WordPress auf meiner Bastel-Seite (www.bastel-bastel.de) schon l\u00e4nger lief war das das System meiner Wahl.<\/p>\n\n\n<p>Eigentlich wollte ich erst eine eigenst\u00e4ndige Installation, aber da viele Themen quer verkn\u00fcpft sind und der Wechsel mit Links zwischen verschiedenen Webseiten zu aufw\u00e4ndig ist habe ich die Wetterseite einfach in meine Bastelseite integriert.<\/p>\n\n\n<p>Das ist auch der Grund warum www.ingersheimwetter.de ab sofort einfach ein Men\u00fcpunkt von www.bastel-bastel.de ist.<\/p>\n\n\n<p><br \/><\/p>\n","protected":false},"excerpt":{"rendered":"<p>Neuerungen \/ \u00c4nderungen an www.ingersheimwetter.de nat\u00fcrlich \u00e4ndert sich auch immer mal wieder etwas auf meiner Webseite. Einige Dinge l\u00f6scht man<\/p>\n","protected":false},"author":1,"featured_media":0,"parent":0,"menu_order":0,"comment_status":"closed","ping_status":"closed","template":"","meta":{"footnotes":""},"class_list":["post-1374","page","type-page","status-publish","hentry","comments-off"],"_links":{"self":[{"href":"https:\/\/www.bastel-bastel.de\/blog\/index.php\/wp-json\/wp\/v2\/pages\/1374","targetHints":{"allow":["GET"]}}],"collection":[{"href":"https:\/\/www.bastel-bastel.de\/blog\/index.php\/wp-json\/wp\/v2\/pages"}],"about":[{"href":"https:\/\/www.bastel-bastel.de\/blog\/index.php\/wp-json\/wp\/v2\/types\/page"}],"author":[{"embeddable":true,"href":"https:\/\/www.bastel-bastel.de\/blog\/index.php\/wp-json\/wp\/v2\/users\/1"}],"replies":[{"embeddable":true,"href":"https:\/\/www.bastel-bastel.de\/blog\/index.php\/wp-json\/wp\/v2\/comments?post=1374"}],"version-history":[{"count":0,"href":"https:\/\/www.bastel-bastel.de\/blog\/index.php\/wp-json\/wp\/v2\/pages\/1374\/revisions"}],"wp:attachment":[{"href":"https:\/\/www.bastel-bastel.de\/blog\/index.php\/wp-json\/wp\/v2\/media?parent=1374"}],"curies":[{"name":"wp","href":"https:\/\/api.w.org\/{rel}","templated":true}]}}