{"id":1372,"date":"2018-12-16T14:06:12","date_gmt":"2018-12-16T13:06:12","guid":{"rendered":"https:\/\/www.bastel-bastel.de\/blog\/?page_id=1372"},"modified":"2018-12-16T14:06:12","modified_gmt":"2018-12-16T13:06:12","slug":"wetter-lexikon-u-z","status":"publish","type":"page","link":"https:\/\/www.bastel-bastel.de\/blog\/index.php\/wetter-lexikon-u-z\/","title":{"rendered":"Wetter-Lexikon U-Z"},"content":{"rendered":"\n<h3 class=\"wp-block-heading\">UV-Index<\/h3>\n\n\n<p>Der UV-Index bezeichnet die\nsonnenbrandwirksame Bestrahlungsst\u00e4rke des Sonnenscheins. Er variiert\nmit dem Sonnenstand, der Bew\u00f6lkung, der Dicke der Ozonschicht und mit\nder H\u00f6he. Die Stufen des UV-Index reichen in Deutschland in der Regel\nvon 0 bis 8. Weiter in \u00c4quatorn\u00e4he sind auch deutlich h\u00f6here Werte\nm\u00f6glich.<\/p>\n\n\n<p>UV-Index&nbsp;&nbsp;&nbsp;&nbsp;&nbsp;&nbsp;&nbsp;&nbsp;&nbsp;&nbsp;&nbsp; Bewertung<\/p>\n\n\n<p>0 \u2013 2&nbsp;&nbsp;&nbsp;&nbsp;&nbsp; Kein Schutz erforderlich<\/p>\n\n\n<p>3 \u2013 5&nbsp;&nbsp;&nbsp;&nbsp;&nbsp; Schutz erforderlich: Hut, T-Shirt, Sonnenbrille, Sonnencreme<\/p>\n\n\n<p>6 \u2013 7&nbsp;&nbsp;&nbsp;&nbsp;&nbsp; Schutz erforderlich: Hut, T-Shirt, Sonnenbrille, Sonnencreme, Schatten suchen<\/p>\n\n\n<p>8 \u2013 10&nbsp;&nbsp;&nbsp;  Aufenthalt im Freien m\u00f6glichst vermeiden, besonderer Schutz erforderlich.<\/p>\n\n\n<p>\u2265 11\u00a0\u00a0\u00a0\u00a0\u00a0\u00a0 Mittags nicht im Freien aufhalten, Schatten suchen, Sonnencreme mit hohem UV-Schutz, T-Shirt und Hut tragen<\/p>\n\n\n<h3 class=\"wp-block-heading\">Warmfront<\/h3>\n\n\n<p>Bei einer Warmfront str\u00f6mt die Warmluft in Richtung der Kaltluft. Andersherum spricht man von einer Kaltfront.<\/p>\n\n\n<p>Bei Warmfronten bleibt das Wetter in der Regel\nrelativ ruhig da die die Warmluft meist gro\u00dffl\u00e4chig und gleichm\u00e4\u00dfig\nlangsam auf die schwere Kaltluft aufgleitet.<\/p>\n\n\n<p>In der Aufgleitzone bilden sich Wolken und es kann dabei zu langanhaltendem und gleichm\u00e4\u00dfigem Niederschlag kommen.<\/p>\n\n\n<h3 class=\"wp-block-heading\">Wasserkreislauf<\/h3>\n\n\n<p>Wasserkreislauf bezeichnet die permanent\nablaufende Bewegung von Wasser auf, \u00fcber und unter der Erdoberfl\u00e4che. Er\n gliedert sich in die 3 Teilphasen Verdunstung, Niederschlag und\nAbfluss.&nbsp; Wasser verdunstet (vor allem \u00fcber den Meeresfl\u00e4chen, aber auch\n an Land), wird durch Luftstr\u00f6mungen verteilt und gelangt nach der\nKondensation als Niederschlag wieder auf die Erdoberfl\u00e4che. Entweder an\nder Oberfl\u00e4che oder nach dem Versickern im Untergrund fliesst das Wasser\n wieder in die Meere zur\u00fcck.<\/p>\n\n\n<h3 class=\"wp-block-heading\">Wei\u00dfe Weihnachten<\/h3>\n\n\n<p>Wei\u00dfe Weihnachten sind in Deutschland ein eher seltenes Ereignis. Gerade im Kreis Ludwigsburg ist Weihnachten meistens &#8222;Gr\u00fcn&#8220;.<\/p>\n\n\n<p>Oft f\u00e4llt zwar schon Ende November der erste\nSchnee. Danach folgt aber meistens eine etwas mildere Phase. Mit einer\nWahrscheinlichkeit von knapp 70% ist es an&nbsp; Weihnachten bei uns zu warm\nf\u00fcr Schnee. Erst ab Ende Dezember steigt die Wahrscheinlichkeit f\u00fcr\nSchneefall der auch liegen bleibt deutlich an.<\/p>\n\n\n<h3 class=\"wp-block-heading\">Wetterballon (Radiosonde)<\/h3>\n\n\n<p>Unter einem Wetterballon versteht man eine\nRadiosonde die als Messger\u00e4t in der Aerologie eingesetzt wird. Die Sonde\n dient  der direkten Messwertaufnahme in der Atmosph\u00e4re. Der Vorteil des\n Wetterballons  besteht in der direkten und genauen Messung \u00fcber den\nmomentanen Zustand der  einzelnen Luftschichten. Am Wetterballon ist\nunten ein Ger\u00e4t angebracht das aus  einem Sendeteil und einem Teil mit\nMe\u00dff\u00fchlern besteht. Damit wird der Luftdruck,  Lufttemperatur und\nLuftfeuchte gemessen. W\u00e4hrend des Aufstiegs von einem  Startplatz werden\n st\u00e4ndig Daten aus den aktuellen Luftschichten \u00fcbermittelt. Der  Ballon\ndehnt sich wegen des abnehmenden Luftdrucks in der H\u00f6he st\u00e4ndig aus und\n platzt in ca. 20-30km H\u00f6he. Die Radiosonde f\u00e4llt dann an einem\nFallschirm wieder  zur Erde zur\u00fcck.<br \/><br \/><\/p>\n\n\n<h3 class=\"wp-block-heading\">Wetterf\u00fchligkeit<\/h3>\n\n\n<p>Die verst\u00e4rkte Wahrnehmung von Wetterreizen\nbezeichnet man als Wetterf\u00fchligkeit. Jeder Mensch reagiert auf Wetter\nanders. Auf jede Ver\u00e4nderung des Wetters reagiert der K\u00f6rper mit\nRegulation im Hormonhaushalt und im vegetativen Nervensystem. Manche\nMenschen reagieren verst\u00e4rkt auf verschiedene Wettersituationen.\nBesonders schnelle Wetterwechsel wie starke Luftdruck\u00e4nderungen&nbsp; oder\ndauerhaft tr\u00fcbes Wetter \u00fcben einen gro\u00dfen Einfluss auf uns aus und\nk\u00f6nnen sogar Krank machen. Die h\u00e4ufigsten Auswirkungen sind\nKopfschmerzen, schlechteres Allgemeinbefinden oder schlechte Stimmung\nund verminderte Leistungsf\u00e4higkeit.\n<\/p>\n\n\n<h3 class=\"wp-block-heading\">Wetterlage<\/h3>\n\n\n<p>Mit Wetterlage bezeichnet man den aktuellen\nWetterzustand mit Blick auf die wichtigsten meteorologischen Elemente\n(Luftdruck, Lufttemperatur, Luftfeuchte, Windst\u00e4rke, Niederschlag) \u00fcber\neinem begrenzten Gebiet in einem kurzen, h\u00f6chstens eint\u00e4gigen\nZeitintervall.<\/p>\n\n\n<p>\u00c4ndert sich die Wetterlage \u00fcber mehrere Tage kaum, dann spricht man von einer Gro\u00dfwetterlage.<\/p>\n\n\n<h3 class=\"wp-block-heading\">Wetterleuchten<\/h3>\n\n\n<p>Unter Wetterleuchten versteht man den\nWiderschein von Blitzen wenn diese so weit entfernt sind da\u00df man den\nBlitz selbst nicht sieht. Durch die gro\u00dfe Entfernung ist auch der Donner\n in der Regel nicht zu h\u00f6ren. Wetterleuchten ist \u00fcberwiegend in der\nNacht zu sehen da es tags\u00fcber zu hell ist um Blitze \u00fcber so gro\u00dfe\nEntfernungen zu erkennen.<\/p>\n\n\n<p>Voraussetzung sind einzelne hochreichende Gewitterherde bei sonst klarem Himmel und guter Fernsicht.<\/p>\n\n\n<h3 class=\"wp-block-heading\">Wetterstation<\/h3>\n\n\n<p>Eine Wetterstation ist eine automatische\nStation zur Messung des Wetters. Mit Hilfe des Zusammenschaltens vieler\nWetterstationen zu einem Messnetz kann man den Wetterverlauf erkennen,\nbeobachten und vorhersagen. Erfasst werden Lufttemperatur,\nBodentemperatur, Luftdruck, Luftfeuchte, Windrichtung und &#8211;\nGeschwindigkeit, Niederschlag, Sonnenscheindauer, Strahlungsgr\u00f6\u00dfen und\nje nach Station auch noch weitere Werte. Durch die Datenaufzeichnung\nsind auch Statistiken und der Vergleich von Langzeitwerten (Klima) und\nWetterver\u00e4nderungen m\u00f6glich.<\/p>\n\n\n<h3 class=\"wp-block-heading\">Wind<\/h3>\n\n\n<p>Wind bezeichnet die Verlagerung von Luftteilchen, die Verlagerung von Luftmassen zum Druckausgleich.<\/p>\n\n\n<p>F\u00fcr die vollst\u00e4ndige Beschreibung der\nVektorgr\u00f6\u00dfe Wind ben\u00f6tigt man die Windgeschwindigkeit als Betrag und die\n Windrichtung als Richtung.<\/p>\n\n\n<p>Je nach Wingeschwindigkeit unterschiedet man beispielsweise Leichte Brise, Sturm oder Orkan.<\/p>\n\n\n<p>Der Wind ist ein wichtiger Faktor f\u00fcr das Wetter\n und Klima. Der Wind hat gro\u00dfen Einfluss auf Verdunstung, Lufterneuerung\n und Temperaturausgleich.<\/p>\n\n\n<h3 class=\"wp-block-heading\">Winter<\/h3>\n\n\n<p>Astronomisch definiert ist der Winter die\nZeit von Winter-Sonnenwende (k\u00fcrzester Tag \/ Sonnentiefstand) bis zur\nFr\u00fchlings-Tag- und Nachtgleiche, damit 21.12. bis 20.3.. Meteorologisch\numfasst der Winter bei uns in Mitteleuropa die Monate Dezember, Januar\nund Februar. In der Ph\u00e4nologie umfasst der Winter die Zeit von Ende der\nFeldarbeiten bis zur Apfel- und Fliederbl\u00fcte.<\/p>\n\n\n<h3 class=\"wp-block-heading\">Wintersonnwende<\/h3>\n\n\n<p>Zur Wintersonnenwende am 21. oder 22.\nDezember eines Jahres erreicht die Sonne den gr\u00f6\u00dften s\u00fcdlichen Abstand\nvom Himmels\u00e4quator.&nbsp; Dadurch hat sie an diesem Tag den tiefsten Stand.\nEs ist der k\u00fcrzeste Tag und die l\u00e4ngste Nacht auf der Nordhalbkugel. Ab\ndiesem Zeitpunkt werden die Tage wieder l\u00e4nger. Mit der Wintersonnwende\nam 21.12.2013 f\u00e4llt auch der astronomische Winteranfang zusammen.<\/p>\n\n\n<h3 class=\"wp-block-heading\">Witterung<\/h3>\n\n\n<p>Unter der Witterung versteht man die Wetterverh\u00e4ltnisse in einer bestimmten Region in einem bestimmten Zeitraum.\n<\/p>\n\n\n<p>Wichtige Punkte bei der Beschreibung der Witterung sind Temperatur, Luftfeuchte, Wind, Luftdruck und Niederschlag.\u00a0 Die Witterung dauert von wenigen Tagen bis zu einigen Monaten und steht damit im Gegensatz zum Klima das sich mit deutlich l\u00e4ngeren Zeitr\u00e4umen besch\u00e4ftigt.<\/p>\n\n\n<h3 class=\"wp-block-heading\">Zwischenhoch<\/h3>\n\n\n<p>Unter Zwischenhoch versteht man ein kleines ,\nmeist wanderndes Hochdruckgebiet das zwischen zwei aufeinanderfolgenden\nTiefdruckgebieten liegt. Das damit verbundene Sch\u00f6newetter ist meistens\nnur von kurzer Dauer\n<\/p>\n","protected":false},"excerpt":{"rendered":"<p>UV-Index Der UV-Index bezeichnet die sonnenbrandwirksame Bestrahlungsst\u00e4rke des Sonnenscheins. Er variiert mit dem Sonnenstand, der Bew\u00f6lkung, der Dicke der Ozonschicht<\/p>\n","protected":false},"author":1,"featured_media":0,"parent":0,"menu_order":0,"comment_status":"closed","ping_status":"closed","template":"","meta":{"footnotes":""},"class_list":["post-1372","page","type-page","status-publish","hentry","comments-off"],"_links":{"self":[{"href":"https:\/\/www.bastel-bastel.de\/blog\/index.php\/wp-json\/wp\/v2\/pages\/1372","targetHints":{"allow":["GET"]}}],"collection":[{"href":"https:\/\/www.bastel-bastel.de\/blog\/index.php\/wp-json\/wp\/v2\/pages"}],"about":[{"href":"https:\/\/www.bastel-bastel.de\/blog\/index.php\/wp-json\/wp\/v2\/types\/page"}],"author":[{"embeddable":true,"href":"https:\/\/www.bastel-bastel.de\/blog\/index.php\/wp-json\/wp\/v2\/users\/1"}],"replies":[{"embeddable":true,"href":"https:\/\/www.bastel-bastel.de\/blog\/index.php\/wp-json\/wp\/v2\/comments?post=1372"}],"version-history":[{"count":0,"href":"https:\/\/www.bastel-bastel.de\/blog\/index.php\/wp-json\/wp\/v2\/pages\/1372\/revisions"}],"wp:attachment":[{"href":"https:\/\/www.bastel-bastel.de\/blog\/index.php\/wp-json\/wp\/v2\/media?parent=1372"}],"curies":[{"name":"wp","href":"https:\/\/api.w.org\/{rel}","templated":true}]}}