{"id":1368,"date":"2018-12-16T14:02:05","date_gmt":"2018-12-16T13:02:05","guid":{"rendered":"https:\/\/www.bastel-bastel.de\/blog\/?page_id=1368"},"modified":"2018-12-16T14:02:05","modified_gmt":"2018-12-16T13:02:05","slug":"wetter-lexikon-o-r","status":"publish","type":"page","link":"https:\/\/www.bastel-bastel.de\/blog\/index.php\/wetter-lexikon-o-r\/","title":{"rendered":"Wetter-Lexikon O-R"},"content":{"rendered":"\n<h3 class=\"wp-block-heading\">Orkan<\/h3>\n\n\n<p>Ein Orkan ist ein schwerer Sturm bei dem im Mittel \u00fcber 10 Minuten Windst\u00e4rke 12 (118-133km\/h) gemessen wird.<\/p>\n\n\n<p>Bei uns im Kreis Ludwigsburg kommt ein Orkan\nsehr selten vor. Bei nur kurzzeitig auftretenden Windgeschwindigkeiten\nvon mindestens 64Knoten (118km\/h) spricht man von Orkanb\u00f6en oder\norkanartigen B\u00f6en.<\/p>\n\n\n<h3 class=\"wp-block-heading\">Ozon<\/h3>\n\n\n<p>Ozon ist eine chemische Verbindung aus 3 Sauerstoffatomen (O3). In 25km H\u00f6he \u00fcber dem Erdboden sch\u00fctzt sie Menschen, Pflanzen und Tiere vor zu viel gef\u00e4hrlicher UV-Strahlung von der Sonne. In Bodenn\u00e4he ist Ozon f\u00fcr den Menschen sch\u00e4dlich da es sehr aggressiv und reaktionsfreudig ist und die Schleimh\u00e4ute angreift. Eine zu hohe Konzentration kann zur Beeintr\u00e4chtigung der Lungenfunktion f\u00fchren. Auch die k\u00f6rperliche Leistungsf\u00e4higkeit wird beeintr\u00e4chtigt, Tr\u00e4nenreiz, Hustenreiz und Kopfschmerzen k\u00f6nnen auftreten.<\/p>\n\n\n<h3 class=\"wp-block-heading\">Regen<\/h3>\n\n\n<p>Unter Regen versteht man aus den Wolken\nfallenden fl\u00fcssigen Niederschlag mit (Regen-)Tr\u00f6pfchen gr\u00f6\u00dfer 0,5mm\nDurchmesser. Die Fallgeschwindigkeit von Regen liegt zwischen 1 und 8\nMeter pro Sekunde. Je nach St\u00e4rke unterscheidet man zwischen Spr\u00fchregen,\n Regenschauer, Landregen und Platzregen\/Starkregen (Wolkenbruch).<\/p>\n\n\n<h3 class=\"wp-block-heading\">Regenbogen<\/h3>\n\n\n<p>Der Regenbogen ist ein optisches Ph\u00e4nomen in der\nAtmosph\u00e4re. Der Regenbogen wird als kreisbogenf\u00f6rmiges farbiges\nLichtband wahrgenommen. Er wird sichtbar wenn die Sonnenstrahlen auf\neine lokal oft sehr begrenzte Regenwand treffen und der Beobachter die\nSonne im R\u00fccken hat. Beim \u00dcbergang von der Luft in das Wasser der\nRegentropfen wird das Sonnenlicht in seine Spektralfarben zerlegt und\ndadurch werden die einzelnen Farben nebeneinander als &#8222;Regenbogenfarben&#8220;\n sichtbar.\n<\/p>\n\n\n<h3 class=\"wp-block-heading\">Regenmesser<\/h3>\n\n\n<p>Mit einem Regenmesser wird die Menge an\nNiederschlag gemessen. Die Angabe des Niederschlags geschieht als\nNiederschlagsh\u00f6he in Millimeter. Dabei entspricht ein Millimeter der\nNiederschlagsmenge von einem Liter pro Quadratmeter. Das gebr\u00e4uchlichste\n Messger\u00e4t ist der Hellman-Niederschlagsmesser, einem Zylinder mit 46cm\nH\u00f6he, einer genormten Auffangfl\u00e4che von 200 Quadratzentimetern und einem\n Auffangbeh\u00e4lter. Der Inhalt des Regenmessers wird in der Regel alle 12\nbis 24 Stunden gemessen. Fester Niederschlag wie z.B. Schnee wird vor\nder Messung erst geschmolzen.<\/p>\n\n\n<h3 class=\"wp-block-heading\">Relativer Luftdruck<\/h3>\n\n\n<p>Unter dem relativen Luftdruck versteht man den\nauf Meeresh\u00f6he umgerechneten Wert des am Beobachtungsort gemessenen\n(absoluten) Luftdrucks. Der Luftdruck wird mit der H\u00f6he immer geringer\n(die Luft wird d\u00fcnner). Um den gemessenen (absoluten) Luftdruck an\nverschiedenen Orten besser vergleichen zu k\u00f6nnen rechnet man die H\u00f6he\ndes aktuellen Standorts heraus, der relative Luftdruck bezieht sich\nimmer auf die Meeresh\u00f6he. Der gemessene absolute Luftdruck von\nbeispielsweise 987,6hPa auf 200m entspricht ungef\u00e4hr dem Normaldruck von\n 1013,25hPa auf Meeresh\u00f6he.\n<\/p>\n","protected":false},"excerpt":{"rendered":"<p>Orkan Ein Orkan ist ein schwerer Sturm bei dem im Mittel \u00fcber 10 Minuten Windst\u00e4rke 12 (118-133km\/h) gemessen wird. Bei<\/p>\n","protected":false},"author":1,"featured_media":0,"parent":0,"menu_order":0,"comment_status":"closed","ping_status":"closed","template":"","meta":{"footnotes":""},"class_list":["post-1368","page","type-page","status-publish","hentry","comments-off"],"_links":{"self":[{"href":"https:\/\/www.bastel-bastel.de\/blog\/index.php\/wp-json\/wp\/v2\/pages\/1368","targetHints":{"allow":["GET"]}}],"collection":[{"href":"https:\/\/www.bastel-bastel.de\/blog\/index.php\/wp-json\/wp\/v2\/pages"}],"about":[{"href":"https:\/\/www.bastel-bastel.de\/blog\/index.php\/wp-json\/wp\/v2\/types\/page"}],"author":[{"embeddable":true,"href":"https:\/\/www.bastel-bastel.de\/blog\/index.php\/wp-json\/wp\/v2\/users\/1"}],"replies":[{"embeddable":true,"href":"https:\/\/www.bastel-bastel.de\/blog\/index.php\/wp-json\/wp\/v2\/comments?post=1368"}],"version-history":[{"count":0,"href":"https:\/\/www.bastel-bastel.de\/blog\/index.php\/wp-json\/wp\/v2\/pages\/1368\/revisions"}],"wp:attachment":[{"href":"https:\/\/www.bastel-bastel.de\/blog\/index.php\/wp-json\/wp\/v2\/media?parent=1368"}],"curies":[{"name":"wp","href":"https:\/\/api.w.org\/{rel}","templated":true}]}}