{"id":1365,"date":"2018-12-16T13:59:24","date_gmt":"2018-12-16T12:59:24","guid":{"rendered":"https:\/\/www.bastel-bastel.de\/blog\/?page_id=1365"},"modified":"2018-12-16T13:59:24","modified_gmt":"2018-12-16T12:59:24","slug":"wetter-lexikon-i-k","status":"publish","type":"page","link":"https:\/\/www.bastel-bastel.de\/blog\/index.php\/wetter-lexikon-i-k\/","title":{"rendered":"Wetter-Lexikon I-K"},"content":{"rendered":"\n<h3 class=\"wp-block-heading\">Inversionswetterlage<\/h3>\n\n\n<p>Normalerweise wird die Luft durch den\ngeringeren Druck in der H\u00f6he nach oben hin immer k\u00e4lter. Bei einer\nInversion treten aber in bestimmten Bereichen der Atmosph\u00e4re\nUnterbrechungen der Temperaturschichtung auf. Statt der normalen\nSchichtung ist die Temperatur in Bodenn\u00e4he k\u00e4lter als in der H\u00f6he.\nInversionen wirken als Sperrschicht und sind sehr oft die Obergrenze von\n Wolken- oder Nebelschichten. Da bei wenig Wind kein Luftaustausch mit\nder dar\u00fcber liegenden warmen Luft m\u00f6glich ist sammeln sich\nLuftschadstoffe an und es entsteht Smog. Ist die kalte Luft der unteren\nSchicht ausreichend feucht dann bildet sich an der Grenze zur warmen\nLuft Hochnebel.<\/p>\n\n\n<p>Sonne gibt es dann \u00fcber der Inversionsschicht auf den Berggipfeln \u00fcber dem Nebelmeer.<\/p>\n\n\n<h3 class=\"wp-block-heading\">Jahreszeiten<\/h3>\n\n\n<p>Ein Jahr wird in die Zeitabschnitte mit\nverschiedenen Klimabedingungen unterteilt. Bei uns gibt es die 4\nJahreszeiten Fr\u00fchling, Sommer, Herbst und Winter. In den Tropischen\nGebieten sind die Jahreszeiten dagegen Trocken- und Regenzeit.<\/p>\n\n\n<p>Die astrologischen Jahreszeiten werden getrennt an der Tag-Nachtgleiche und an der Sonnenwende.<\/p>\n\n\n<p>Meteorologische Jahreszeiten dagegen orientieren\n sich an den Kalendermonaten: Fr\u00fchling von M\u00e4rz bis Mai, Sommer von Juni\n bis August, Herbst von September bis November und Winter von Dezember\nbis Februar.<\/p>\n\n\n<p>Die Jahreszeiten auf Nord- und S\u00fcdhalbkugel sind genau entgegengesetzt. Ist bei uns Winter, dann ist auf der S\u00fcdhalbkugel Sommer und umgekehrt.<\/p>\n\n\n<h3 class=\"wp-block-heading\">Kaltfront<\/h3>\n\n\n<p>Unter einer Kaltfront versteht man die Grenzfl\u00e4che zwischen kalter und Warmer Luft wenn k\u00e4ltere Luft die w\u00e4rmere Luft verdr\u00e4ngt.<\/p>\n\n\n<p>Beim Durchzug einer Kaltfront sinkt die\nTemperatur im Allgemeinen sehr schnell um einige Grad ab und die\nNiederschlagswahrscheinlichkeit steigt stark an.<\/p>\n\n\n<p>Oft gibt es beim Durchzug einer Kaltfront auch\nGewitter und heftige B\u00f6en. Hinter der Kaltfront steigt der Luftdruck\ndeutlich an, Temperatur und Taupunkt gehen zur\u00fcck.<\/p>\n\n\n<h3 class=\"wp-block-heading\">Klima<\/h3>\n\n\n<p>Klima bezeichnet in der Meteorologie den\nmittleren Zustand der Erdatmosph\u00e4re an einem bestimmten Ort gemessen\n\u00fcber einen hinreichend langen Bezugszeitraum. Von Bedeutung sind\nMittelwerte, statistische Eigenschaften, Extremwerte und Trends.\n<\/p>\n\n\n<p>Als Klimanormalperiode ist ein 30-j\u00e4hriger Zeitraum definiert \u00fcber den Mittelwerte gebildet werden.\n<\/p>\n\n\n<p>Die letzte Klimanormalperiode geht von 1961 bis 1990, die aktuelle Periode l\u00e4uft von 1991 und dauert bis 2020.<\/p>\n\n\n<h3 class=\"wp-block-heading\">Klimawandel<\/h3>\n\n\n<p>Mit Klimawandel bezeichnet man die langfristige\nVer\u00e4nderung des regionalen oder globalen Klimas die sich aus dem\ngeschichtlichen Vergleich herleiten l\u00e4sst.\n<\/p>\n\n\n<p>Besonders die meteorologischen Ph\u00e4nomene\nTemperatur und Niederschlag stehen dabei im Vordergrund der Betrachtung.\n Man unterscheidet den nat\u00fcrlichen Klimawandel und den Einfluss des\nmenschlichen Handelns auf das Klima. Vor allem die Abholzung der W\u00e4lder,\n der hohe Aussto\u00df von klimawirksamen Gasen (Methan, Kohlendioxid) f\u00fchren\n zu einer sp\u00fcrbaren Ver\u00e4nderung des Klimas.<\/p>\n","protected":false},"excerpt":{"rendered":"<p>Inversionswetterlage Normalerweise wird die Luft durch den geringeren Druck in der H\u00f6he nach oben hin immer k\u00e4lter. Bei einer Inversion<\/p>\n","protected":false},"author":1,"featured_media":0,"parent":0,"menu_order":0,"comment_status":"closed","ping_status":"closed","template":"","meta":{"footnotes":""},"class_list":["post-1365","page","type-page","status-publish","hentry","comments-off"],"_links":{"self":[{"href":"https:\/\/www.bastel-bastel.de\/blog\/index.php\/wp-json\/wp\/v2\/pages\/1365","targetHints":{"allow":["GET"]}}],"collection":[{"href":"https:\/\/www.bastel-bastel.de\/blog\/index.php\/wp-json\/wp\/v2\/pages"}],"about":[{"href":"https:\/\/www.bastel-bastel.de\/blog\/index.php\/wp-json\/wp\/v2\/types\/page"}],"author":[{"embeddable":true,"href":"https:\/\/www.bastel-bastel.de\/blog\/index.php\/wp-json\/wp\/v2\/users\/1"}],"replies":[{"embeddable":true,"href":"https:\/\/www.bastel-bastel.de\/blog\/index.php\/wp-json\/wp\/v2\/comments?post=1365"}],"version-history":[{"count":0,"href":"https:\/\/www.bastel-bastel.de\/blog\/index.php\/wp-json\/wp\/v2\/pages\/1365\/revisions"}],"wp:attachment":[{"href":"https:\/\/www.bastel-bastel.de\/blog\/index.php\/wp-json\/wp\/v2\/media?parent=1365"}],"curies":[{"name":"wp","href":"https:\/\/api.w.org\/{rel}","templated":true}]}}