{"id":1356,"date":"2018-12-16T13:52:51","date_gmt":"2018-12-16T12:52:51","guid":{"rendered":"https:\/\/www.bastel-bastel.de\/blog\/?page_id=1356"},"modified":"2018-12-16T13:52:51","modified_gmt":"2018-12-16T12:52:51","slug":"wetterlexikon-c-e","status":"publish","type":"page","link":"https:\/\/www.bastel-bastel.de\/blog\/index.php\/wetterlexikon-c-e\/","title":{"rendered":"Wetterlexikon C &#8211; E"},"content":{"rendered":"\n<h3 class=\"wp-block-heading\">Celsius-Skala<\/h3>\n\n\n<p>1742 f\u00fchrte der Schwede Anders Celsius die nach ihm benannte Celsius-Skala ein.<\/p>\n\n\n<p>Er verwendete als Fixpunkte die Temperaturen von Gefrier- und Siedepunkt des Wassers bei Normaldruck (1013,25hPa).<\/p>\n\n\n<p>Diesen Bereich unterteilte er in 100 gleiche\nTeile. Entsprechend gefriert Wasser bei 0\u00b0C und siedet bei 100\u00b0C (bei\nNormaldruck!) Der Absolute Nullpunkt liegt bei -273,15\u00b0C, das entspricht\n einer Temperatur von 0\u00b0K (Kelvin).<\/p>\n\n\n<h3 class=\"wp-block-heading\">Cirrocumulus<\/h3>\n\n\n<p>Mit Cirrocumulus (lat. cirrus &#8211; Haarlocke, Federbusch. cumulus &#8211;  Anh\u00e4ufung) werden die bekannten hohen Sch\u00e4fchenwolken bezeichnet die man als  d\u00fcnne wei\u00dfe Flecken &nbsp;oder d\u00fcnnen Feldern und verwaschene Schichten ohne  Eigenschaften sieht. Die Cirrocumulus bestehen meistens vollst\u00e4ndig aus  Eisteilchen. Oft bilden sich diese Cirrocumulus bei Kaltfronten und beim  Herannahen von Gewittergebieten.<\/p>\n\n\n<h3 class=\"wp-block-heading\">Dauerfrost<\/h3>\n\n\n<p>Von Dauerfrost spricht man wenn die\nTemperatur f\u00fcr mindestens einen kompletten Tag nicht \u00fcber den\nGefrierpunkt steigt. Dauerfrost stellt sich im Winter meistens nach\nKaltlufteinbr\u00fcchen ein. In strengen Wintermonaten kann der Dauerfrost\nauch l\u00e4ngere Zeit andauern.<\/p>\n\n\n<h3 class=\"wp-block-heading\">Dauerregen<\/h3>\n\n\n<p>Langanhaltende Regenf\u00e4lle mit einer Dauer von\nmindestens sechs Stunden und einer st\u00fcndlichen Niederschlagsintensit\u00e4t\nvon 0,5mm oder mehr nennt man Dauerregen.\n<\/p>\n\n\n<p>Die Zeitspanne f\u00fcr Dauerregen kann von mehreren Stunden bis zu Tagen oder Wochen reichen. Dauerregen kann f\u00fcr gro\u00dfe Wassermengen sorgen. Kann der Boden dabei nicht so viel Wasser aufnehmen, dann kann es auch zu Hochwasser und \u00dcberschwemmungen f\u00fchren.&nbsp; Eine \u00fcberschneidende Bezeichnung f\u00fcr l\u00e4nger anhaltenden Niederschlag ist Landregen.<\/p>\n\n\n<h3 class=\"wp-block-heading\">Eisheilige<\/h3>\n\n\n<p>Unter Eisheilige versteht man bestimmte Tage im\nMai an denen es zu K\u00e4lteeinbr\u00fcchen und damit verbundenen Frostsch\u00e4den\nkommen kann.\n<\/p>\n\n\n<p>In Norddeutschland sind die Tage vom 11.-13.\nMai&nbsp; der Heiligen Mamertus, Pankratius und Servatius, in S\u00fcddeutschland&nbsp;\n Pankratius, Servatius und Bonifatius vom 12.-14. Mai. Am 15. Mai kommt\ndann noch die kalte Sophie. Die Eisheiligen beruhen auf\njahrhundertealten Erfahrungen und Wetterbeobachtungen.&nbsp; Durch die\nKalenderreform im Mittelalter verschieben sich die tats\u00e4chlichen Tage\nmit h\u00e4ufiger Kaltluft allerdings auf den 21. bis 23. Mai.<\/p>\n\n\n<h3 class=\"wp-block-heading\">Eisregen<\/h3>\n\n\n<p>Es gibt zwei verschiedene Erscheinungen die als Eisregen bezeichnet werden:<\/p>\n\n\n<p>Die erste ist \u00fcberwiegend aus Eisk\u00f6rnern bestehender Niederschlag.<\/p>\n\n\n<p>Die zweite ist Regen der beim Auftreffen auf dem\n gefrorenen Boden oder Gegenst\u00e4nden sofort zu Eis gefriert und einen\ndicken Eispanzer erzeugt.<\/p>\n\n\n<p>Diesen beim Auftreffen am Boden gefrierenden Regen nennt man auch Blitzeis.<\/p>\n\n\n<p>Eisregen kann f\u00fcr extreme Gl\u00e4tte und dadurch gro\u00dfe Behinderungen f\u00fchren.<\/p>\n\n\n<h3 class=\"wp-block-heading\">Eistag<\/h3>\n\n\n<p>Mit Eistag bezeichnet man einen Tag an dem die\nLufttemperatur  durchgehend unter 0\u00b0C bleibt. Bleibt die Temperatur\nl\u00e4ngere Zeit unter dem  Gefrierpunkt, dann spricht man von Dauerfrost.\n&nbsp;Ein Eistag ist immer auch ein  Frosttag bei dem die Tiefsttemperatur\nunter 0\u00b0C liegt. Die durchschnittliche  Anzahl Eistage liegt bei uns bei\n 14 Tagen pro Jahr.<\/p>\n\n\n<h3 class=\"wp-block-heading\">Erdrotation<\/h3>\n\n\n<p>Mit Erdrotation bezeichnet man die Drehung der\nErde um die Erdachse. Vom Nordpol aus gesehen dreht sich die Erde gegen\nden Uhrzeigersinn.\n<\/p>\n\n\n<p>Eine vollst\u00e4ndige Drehung dauert in der\nallgemein gebr\u00e4uchlichen Sonnenzeit 23 Stunden, 56 Minuten und 4,091\nSekunden oder 24 Sternzeitstunden.<\/p>\n\n\n<h3 class=\"wp-block-heading\">Evaporation<\/h3>\n\n\n<p>Unter Evaporation versteht man die Verdunstung\n\u00fcber einer reinen Wasserfl\u00e4che oder einer vegetationsfreien\nErdoberfl\u00e4che. Die Verdunstung bei Lebewesen und vor allem bei Pflanzen\nnennt man dagegen Transpiration. Die Summe aus Evaporation und\nTranspiration nennt man Evapotranspiration.\n<\/p>\n","protected":false},"excerpt":{"rendered":"<p>Celsius-Skala 1742 f\u00fchrte der Schwede Anders Celsius die nach ihm benannte Celsius-Skala ein. Er verwendete als Fixpunkte die Temperaturen von<\/p>\n","protected":false},"author":1,"featured_media":0,"parent":0,"menu_order":0,"comment_status":"closed","ping_status":"closed","template":"","meta":{"footnotes":""},"class_list":["post-1356","page","type-page","status-publish","hentry","comments-off"],"_links":{"self":[{"href":"https:\/\/www.bastel-bastel.de\/blog\/index.php\/wp-json\/wp\/v2\/pages\/1356","targetHints":{"allow":["GET"]}}],"collection":[{"href":"https:\/\/www.bastel-bastel.de\/blog\/index.php\/wp-json\/wp\/v2\/pages"}],"about":[{"href":"https:\/\/www.bastel-bastel.de\/blog\/index.php\/wp-json\/wp\/v2\/types\/page"}],"author":[{"embeddable":true,"href":"https:\/\/www.bastel-bastel.de\/blog\/index.php\/wp-json\/wp\/v2\/users\/1"}],"replies":[{"embeddable":true,"href":"https:\/\/www.bastel-bastel.de\/blog\/index.php\/wp-json\/wp\/v2\/comments?post=1356"}],"version-history":[{"count":0,"href":"https:\/\/www.bastel-bastel.de\/blog\/index.php\/wp-json\/wp\/v2\/pages\/1356\/revisions"}],"wp:attachment":[{"href":"https:\/\/www.bastel-bastel.de\/blog\/index.php\/wp-json\/wp\/v2\/media?parent=1356"}],"curies":[{"name":"wp","href":"https:\/\/api.w.org\/{rel}","templated":true}]}}