{"id":12098,"date":"2025-01-18T14:06:32","date_gmt":"2025-01-18T13:06:32","guid":{"rendered":"https:\/\/www.bastel-bastel.de\/blog\/?page_id=12098"},"modified":"2025-01-18T14:06:32","modified_gmt":"2025-01-18T13:06:32","slug":"wetterstatistik-2025","status":"publish","type":"page","link":"https:\/\/www.bastel-bastel.de\/blog\/index.php\/wetterstatistik-2025\/","title":{"rendered":"Wetterstatistik 2025"},"content":{"rendered":"\n<h3 class=\"wp-block-heading\">2025 &#8211; die Monatsstatistiken in Tabellenform<\/h3>\n\n\n\n<p><a href=\"https:\/\/www.bastel-bastel.de\/blog\/wetter\/wetterdaten\/m202501.htm\"><strong>2025 &#8211; Januar<\/strong><\/a><\/p>\n\n\n\n<p><a href=\"https:\/\/www.bastel-bastel.de\/blog\/wetter\/wetterdaten\/m202502.htm\"><strong>2025 &#8211; Februar<\/strong><\/a><\/p>\n\n\n\n<p><a href=\"https:\/\/www.bastel-bastel.de\/blog\/wetter\/wetterdaten\/m202503.htm\"><strong>2025 &#8211; M\u00e4rz<\/strong><\/a><\/p>\n\n\n\n<p><a href=\"https:\/\/www.bastel-bastel.de\/blog\/wetter\/wetterdaten\/m202504.htm\"><strong>2025 &#8211; April<\/strong><\/a><\/p>\n\n\n\n<p><strong><a href=\"https:\/\/www.bastel-bastel.de\/blog\/wetter\/wetterdaten\/m202505.htm\">2025 &#8211; Mai<\/a><\/strong><\/p>\n\n\n\n<p><strong><a href=\"https:\/\/www.bastel-bastel.de\/blog\/wetter\/wetterdaten\/m202506.htm\">2025 &#8211; Juni<\/a><\/strong><\/p>\n\n\n\n<p><strong><a href=\"https:\/\/www.bastel-bastel.de\/blog\/wetter\/wetterdaten\/m202507.htm\">2025 &#8211; Juli<\/a><\/strong><\/p>\n\n\n\n<p><strong><a href=\"https:\/\/www.bastel-bastel.de\/blog\/wetter\/wetterdaten\/m202508.htm\">2025 &#8211; August<\/a><\/strong><\/p>\n\n\n\n<p><strong><a href=\"https:\/\/www.bastel-bastel.de\/blog\/wetter\/wetterdaten\/m202509.htm\">2025 &#8211; September<\/a><\/strong><\/p>\n\n\n\n<p><strong><a href=\"https:\/\/www.bastel-bastel.de\/blog\/wetter\/wetterdaten\/m202510.htm\">2025 &#8211; Oktober<\/a><\/strong><\/p>\n\n\n\n<p><strong><a href=\"https:\/\/www.bastel-bastel.de\/blog\/wetter\/wetterdaten\/m202511.htm\">2025 &#8211; November<\/a><\/strong><\/p>\n\n\n\n<p><strong><a href=\"https:\/\/www.bastel-bastel.de\/blog\/wetter\/wetterdaten\/m202512.htm\">2025 &#8211; Dezember<\/a><\/strong><\/p>\n\n\n\n<p><\/p>\n\n\n\n<p><\/p>\n\n\n\n<h3 class=\"wp-block-heading\">Das komplette Jahr im \u00dcberblick<br><\/h3>\n\n\n\n<p><strong><a href=\"https:\/\/www.bastel-bastel.de\/blog\/wetter\/wetterdaten\/j2025.htm\">2025 &#8211; Das Jahr als Tabelle<\/a><\/strong><\/p>\n\n\n\n<p><a href=\"https:\/\/www.bastel-bastel.de\/blog\/wetter\/wetterdaten\/minmax2025.htm\"><strong>2025 &#8211; Min-Max-Werte<\/strong><\/a><\/p>\n\n\n\n<p><\/p>\n\n\n\n<h3 class=\"wp-block-heading\">Alle Daten ohne Gew\u00e4hr<\/h3>\n\n\n\n<p><strong><em>Die Daten wurden hobbym\u00e4\u00dfig erfasst und sind nicht verbindlich. Verwendung zu gewerblichen Zwecken oder f\u00fcr Versicherungszwecke (Dokumentation Hagel-\/Sturmschaden, etc.) nicht zul\u00e4ssig.<\/em><\/strong><\/p>\n","protected":false},"excerpt":{"rendered":"<p>2025 &#8211; die Monatsstatistiken in Tabellenform 2025 &#8211; Januar 2025 &#8211; Februar 2025 &#8211; M\u00e4rz 2025 &#8211; April 2025 &#8211;<\/p>\n","protected":false},"author":1,"featured_media":0,"parent":0,"menu_order":0,"comment_status":"closed","ping_status":"closed","template":"","meta":{"footnotes":""},"class_list":["post-12098","page","type-page","status-publish","hentry","comments-off"],"_links":{"self":[{"href":"https:\/\/www.bastel-bastel.de\/blog\/index.php\/wp-json\/wp\/v2\/pages\/12098","targetHints":{"allow":["GET"]}}],"collection":[{"href":"https:\/\/www.bastel-bastel.de\/blog\/index.php\/wp-json\/wp\/v2\/pages"}],"about":[{"href":"https:\/\/www.bastel-bastel.de\/blog\/index.php\/wp-json\/wp\/v2\/types\/page"}],"author":[{"embeddable":true,"href":"https:\/\/www.bastel-bastel.de\/blog\/index.php\/wp-json\/wp\/v2\/users\/1"}],"replies":[{"embeddable":true,"href":"https:\/\/www.bastel-bastel.de\/blog\/index.php\/wp-json\/wp\/v2\/comments?post=12098"}],"version-history":[{"count":1,"href":"https:\/\/www.bastel-bastel.de\/blog\/index.php\/wp-json\/wp\/v2\/pages\/12098\/revisions"}],"predecessor-version":[{"id":12099,"href":"https:\/\/www.bastel-bastel.de\/blog\/index.php\/wp-json\/wp\/v2\/pages\/12098\/revisions\/12099"}],"wp:attachment":[{"href":"https:\/\/www.bastel-bastel.de\/blog\/index.php\/wp-json\/wp\/v2\/media?parent=12098"}],"curies":[{"name":"wp","href":"https:\/\/api.w.org\/{rel}","templated":true}]}}