{"id":1155,"date":"2018-12-11T17:20:16","date_gmt":"2018-12-11T16:20:16","guid":{"rendered":"https:\/\/www.bastel-bastel.de\/blog\/?page_id=1155"},"modified":"2018-12-11T17:20:16","modified_gmt":"2018-12-11T16:20:16","slug":"wetter-aktuell-grafik","status":"publish","type":"page","link":"https:\/\/www.bastel-bastel.de\/blog\/index.php\/wetter-aktuell-grafik\/","title":{"rendered":"Wetter aktuell (Grafik) in Ingersheim"},"content":{"rendered":"\n<div class=\"wp-block-image\"><figure class=\"aligncenter\"><img decoding=\"async\" src=\"\/blog\/wetter\/wetterdaten\/aktuell.gif\" alt=\"Wetter aktuell (Grafik) in Ingersheim\"\/><\/figure><\/div>\n\n\n<h3 class=\"wp-block-heading\">Aktuelle 24-Stunden Grafik<\/h3>\n\n\n<img loading=\"lazy\" decoding=\"async\" src=\"https:\/\/vg02.met.vgwort.de\/na\/dae793f12b674c578f32ef84f6b7c71f\" alt=\"Wetter aktuell (Grafik) in Ingersheim\" width=\"1\" height=\"1\">\n\n\n<p>Auf dieser Seite sehen Sie die aktuellen Wetterdaten der letzten 24 Stunden:\n<\/p>\n\n\n<p>&#8211; Temperatur in Grad-Celsius\n<\/p>\n\n\n<p>&#8211; Luftfeuchte in %\n<\/p>\n\n\n<p>&#8211; Luftdruck in hPa\n<\/p>\n\n\n<p>&#8211; Regenmenge in l\/m\u00b2\n<\/p>\n\n\n<p>&#8211; Wind in km\/h\n<\/p>\n\n\n<p>&#8211; Windrichtung in Grad (0\u00b0\/360\u00b0 = Nord, 180\u00b0= S\u00fcd)\n<\/p>\n\n\n<p>&#8211; Sonnenschein-Dauer in Minuten\n<\/p>\n\n\n<p>&#8211; Helligkeit in klux\n<\/p>\n\n\n<p>&#8211; Solarstrahlung in W\/m\u00b2\n<\/p>\n\n\n<p>&#8211; Taupunkt in \u00b0C\n<\/p>\n\n\n<p>Alle Messungen erfolgen vollautomatisch mit einer Davis Vantage Pro 2 Aktiv\n<\/p>\n\n\n<p>Die \u00dcbertragung der Daten erfolgt per Funk (mit bis\nzu 300m Reichweite d\u00fcrfte f\u00fcr den Garten genug Reserver vorhanden sein),\n die Ausseneinheit der Wetterstation ist solarbetrieben und mit einem\naktiv bel\u00fcfteten Geh\u00e4use ausgestattet.\n<\/p>\n\n\n<p>Die Station selbst gen\u00fcgt professionellen\nAnspr\u00fcchen, trotzdem sollte beachtet werden, da\u00df es sich hier um eine\nHobby-Wetterseite handelt. F\u00fcr die korrekte und vollst\u00e4ndige Darstellung\n der Daten \u00fcbernehme ich keine Haftung.\n<\/p>\n\n\n<p><strong>Temperatur A(ussen):<\/strong>\n<\/p>\n\n\n<p>Die Aussentemperatur wird in 2 Meter H\u00f6he gemessen.\nDer Sensor befindet sich im aktiv bel\u00fcfteten Geh\u00e4use der\nDavis-Wetterstation. Aktiv bel\u00fcftet bedeutet, da\u00df ein solarbetriebener\nL\u00fcfter Luft durch das Geh\u00e4use saugt um einen Luftstau und dadurch\nverf\u00e4lschte Me\u00dfwerte zu vermeiden. Der messbare Temperaturbereich geht\nvon -40\u00b0C bis +65\u00b0C\n<\/p>\n\n\n<p><strong>Luftfeuchte A(ussen)<\/strong>\n<\/p>\n\n\n<p>Die Luftfeuchte aussen wird ebenfalls im bel\u00fcfteten\nGeh\u00e4use der Wetterstation gemessen. Der Me\u00dfbereich geht von 0-100%\nLuftfeuchte.\n<\/p>\n\n\n<p><strong>Luftdruck in hPa<\/strong>\n<\/p>\n\n\n<p>Der Luftdruck wird in den Basisstation der Davis 2 Wetterstation gemessen. Der Me\u00dfbereich geht von 880 bis 1080hPa\n<\/p>\n\n\n<p><strong>Regenmenge in l\/m\u00b2<\/strong>\n<\/p>\n\n\n<p>Die Regenmenge wird \u00fcber einen Regensensor mit\nRegentrichter und Doppelwippe gemessen, die Aufl\u00f6sung betr\u00e4gt 0,2mm &nbsp;pro\n Wippenschlag, Die Auffangfl\u00e4che ist 200cm\u00b2 gro\u00df.\n<\/p>\n\n\n<p><strong>Wind in km\/h<\/strong>\n<\/p>\n\n\n<p>Der Wind wird in 7m H\u00f6he an einem Alu-Mast\n(umfunktionierter Fahnenmast) im Garten gemessen, der Standort ist nicht\n ganz optimal, daher sind die Windwerte meistens etwas niedriger als die\n tats\u00e4chlich herrschenden Windverh\u00e4ltnisse.\n<\/p>\n\n\n<p>Die Aufl\u00f6sung betr\u00e4gt 0,1m\/s, der Messbereich geht\nbis 241km\/h, allerdings d\u00fcrfte bei dieser Windgeschwindigkeit vom Garten\n und der Wetterstation vermutlich nicht viel \u00fcbrig bleiben.\n<\/p>\n\n\n<p><strong>Windrichtung in Grad<\/strong>\n<\/p>\n\n\n<p>Neben dem Windmesser ist auch eine Windfahne vorhanden die die aktuelle Windrichtung anzeigt.\n<\/p>\n\n\n<p><strong>Sonnenschein-Dauer in Minuten<\/strong>\n<\/p>\n\n\n<p><strong>Helligkeit in klux<\/strong>\n<\/p>\n\n\n<p><strong>Solarstrahlung in W\/m\u00b2<\/strong>\n<\/p>\n\n\n<p>wird gemessen mit einem speziellen\nSonneinstrahlungssensor. Mittels Siliziumphotodioden in einem Geh\u00e4use\nmit Diffusorelement sind recht genaue Messungen m\u00f6glich, der\nSonneneinstrahlungssensor ist oberhalt der Wetterstation am Mast\nbefestigt. Messbereich Sonnenstrahlung 0 bis 1800W\/m\u00b2, Sonnenenergie bis\n 1999.9J\/cm\u00b2\n<\/p>\n\n\n<p><strong>Taupunkt in \u00b0C<\/strong>\n<\/p>\n\n\n<p>Der Taupunkt wird per Software berechnet. Der\nTaupunkt ist abh\u00e4ngig von Luftdruck, Temperatur und Luftfeuchte. Der\nTaupunkt gibt die Grenztemperatur an, bei der der in der Luft enthaltene\n Wasserdampf in Abh\u00e4ngigkeit vom Luftdruck zu kondensieren beginnt &#8211; es\nbilden sich kleine Wassertropfen.\n<\/p>\n\n\n<p><\/p>\n\n\n<p>Auf dieser Seite sehen Sie die aktuellen Wetterdaten der letzten 24 Stunden:\n<\/p>\n\n\n<p>&#8211; Temperatur in Grad-Celsius\n<\/p>\n\n\n<p>&#8211; Luftfeuchte in %\n<\/p>\n\n\n<p>&#8211; Luftdruck in hPa\n<\/p>\n\n\n<p>&#8211; Regenmenge in l\/m\u00b2\n<\/p>\n\n\n<p>&#8211; Wind in km\/h\n<\/p>\n\n\n<p>&#8211; Windrichtung in Grad (0\u00b0\/360\u00b0 = Nord, 180\u00b0= S\u00fcd)\n<\/p>\n\n\n<p>&#8211; Sonnenschein-Dauer in Minuten\n<\/p>\n\n\n<p>&#8211; Helligkeit in klux\n<\/p>\n\n\n<p>&#8211; Solarstrahlung in W\/m\u00b2\n<\/p>\n\n\n<p>&#8211; Taupunkt in \u00b0C\n<\/p>\n\n\n<p>Alle Messungen erfolgen vollautomatisch mit einer Davis Vantage Pro 2 Aktiv\n<\/p>\n\n\n<p>Die \u00dcbertragung der Daten erfolgt per Funk (mit bis\nzu 300m Reichweite d\u00fcrfte f\u00fcr den Garten genug Reserver vorhanden sein),\n die Ausseneinheit der Wetterstation ist solarbetrieben und mit einem\naktiv bel\u00fcfteten Geh\u00e4use ausgestattet.\n<\/p>\n\n\n<p>Die Station selbst gen\u00fcgt professionellen\nAnspr\u00fcchen, trotzdem sollte beachtet werden, da\u00df es sich hier um eine\nHobby-Wetterseite handelt. F\u00fcr die korrekte und vollst\u00e4ndige Darstellung\n der Daten \u00fcbernehme ich keine Haftung.\n<\/p>\n\n\n<hr class=\"wp-block-separator\"\/>\n\n\n<p><\/p>\n\n\n<div class=\"wp-block-image\"><figure class=\"alignright size-large is-resized\"><a href=\"https:\/\/www.bastel-bastel.de\/blog\/?p=2914\"><img loading=\"lazy\" decoding=\"async\" src=\"https:\/\/www.bastel-bastel.de\/blog\/wp-content\/uploads\/2020\/09\/akku2.0-romancover-640x1024.jpg\" alt=\"Wetter aktuell (Grafik) in Ingersheim\" class=\"wp-image-2915\" width=\"303\" height=\"485\"\/><\/a><\/figure><\/div>\n\n\n<p>Lesetipp:<br \/><a href=\"https:\/\/www.bastel-bastel.de\/blog\/?p=2914\">Meine neue Geschichte: <\/a><\/p>\n\n\n<p><a href=\"https:\/\/www.bastel-bastel.de\/blog\/?p=2914\"><strong>Akku 2.0 &#8211; Energie f\u00fcr die Menschheit.<\/strong><\/a><br \/>Ein Umwelt-Krimi<\/p>\n\n\n<p>Der junge Chemiker Jan Meier bekommt nach seinem Studium eine Anstellung im Batterie-Forschungs-Institut von Professor Schmidt. Dort lernt er Suzan kennen und verliebt sich in sie.<br \/>Professor Schmidt weiht Jan in ein Geheimnis ein:<br \/>Er hat eine neue Akkutechnik erfunden, die eine hundertfach h\u00f6here Kapazit\u00e4t hat, als herk\u00f6mmliche Systeme.<br \/>Suzan, Jan und der Professor forschen tags\u00fcber im Institut und nachts im geheimen Labor.<br \/>Nachdem Mitarbeiter des Instituts ums Leben kommen, m\u00fcssen sie erkennen, dass irgend jemand hinter ihrem Geheimnis her ist.<br \/>Als dann auch noch der Professor verschwindet und die Polizei vor der T\u00fcr steht, beginnt f\u00fcr Suzan und Jan eine halsbrecherische Flucht. Nur eine Person kann ihnen jetzt noch helfen \u2013 Suzans Mutter. Die lebt allerdings am anderen Ende der Welt.<\/p>\n\n\n<p><\/p>\n\n\n<p><strong><a href=\"https:\/\/www.bastel-bastel.de\/blog\/?p=3171\">Kennst Du schon das Geheimnis der Nougats?<\/a><\/strong><\/p>\n","protected":false},"excerpt":{"rendered":"<p>Aktuelle 24-Stunden Grafik Auf dieser Seite sehen Sie die aktuellen Wetterdaten der letzten 24 Stunden: &#8211; Temperatur in Grad-Celsius &#8211;<\/p>\n","protected":false},"author":1,"featured_media":0,"parent":0,"menu_order":0,"comment_status":"closed","ping_status":"closed","template":"template-onecolumn.php","meta":{"footnotes":""},"class_list":["post-1155","page","type-page","status-publish","hentry","comments-off"],"_links":{"self":[{"href":"https:\/\/www.bastel-bastel.de\/blog\/index.php\/wp-json\/wp\/v2\/pages\/1155","targetHints":{"allow":["GET"]}}],"collection":[{"href":"https:\/\/www.bastel-bastel.de\/blog\/index.php\/wp-json\/wp\/v2\/pages"}],"about":[{"href":"https:\/\/www.bastel-bastel.de\/blog\/index.php\/wp-json\/wp\/v2\/types\/page"}],"author":[{"embeddable":true,"href":"https:\/\/www.bastel-bastel.de\/blog\/index.php\/wp-json\/wp\/v2\/users\/1"}],"replies":[{"embeddable":true,"href":"https:\/\/www.bastel-bastel.de\/blog\/index.php\/wp-json\/wp\/v2\/comments?post=1155"}],"version-history":[{"count":0,"href":"https:\/\/www.bastel-bastel.de\/blog\/index.php\/wp-json\/wp\/v2\/pages\/1155\/revisions"}],"wp:attachment":[{"href":"https:\/\/www.bastel-bastel.de\/blog\/index.php\/wp-json\/wp\/v2\/media?parent=1155"}],"curies":[{"name":"wp","href":"https:\/\/api.w.org\/{rel}","templated":true}]}}