{"id":1151,"date":"2018-12-11T16:50:29","date_gmt":"2018-12-11T15:50:29","guid":{"rendered":"https:\/\/www.bastel-bastel.de\/blog\/?page_id=1151"},"modified":"2021-03-11T02:48:45","modified_gmt":"2021-03-11T01:48:45","slug":"wetter-aktuell","status":"publish","type":"page","link":"https:\/\/www.bastel-bastel.de\/blog\/index.php\/wetter-aktuell\/","title":{"rendered":"Wetter aktuell (Tabelle) in Ingersheim"},"content":{"rendered":"\n\n<!-- iframe plugin v.6.0 wordpress.org\/plugins\/iframe\/ -->\n<iframe loading=\"lazy\" src=\"https:\/\/www.bastel-bastel.de\/blog\/wetter\/wetterdaten\/custom_wp.html\" width=\"100%\" height=\"2500\" scrolling=\"yes\" class=\"iframe-class\" frameborder=\"0\"><\/iframe>\n\n\n\n\n<img loading=\"lazy\" decoding=\"async\" src=\"https:\/\/vg02.met.vgwort.de\/na\/f35f7766be2942b5b5e851bd347cc99c\" alt=\"\" width=\"1\" height=\"1\">\n\n\n\n<hr class=\"wp-block-separator\"\/>\n\n\n\n<div class=\"wp-block-image\"><figure class=\"alignright size-large is-resized\"><a href=\"https:\/\/www.bastel-bastel.de\/blog\/?p=2914\"><img loading=\"lazy\" decoding=\"async\" src=\"https:\/\/www.bastel-bastel.de\/blog\/wp-content\/uploads\/2020\/09\/akku2.0-romancover-640x1024.jpg\" alt=\"\" class=\"wp-image-2915\" width=\"303\" height=\"485\"\/><\/a><\/figure><\/div>\n\n\n\n<p>Lesetipp:<br><a href=\"https:\/\/www.bastel-bastel.de\/blog\/?p=2914\">Meine neue Geschichte: <\/a><\/p>\n\n\n\n<p><a href=\"https:\/\/www.bastel-bastel.de\/blog\/?p=2914\"><strong>Akku 2.0 &#8211; Energie f\u00fcr die Menschheit.<\/strong><\/a><br>Ein Umwelt-Krimi<\/p>\n\n\n\n<p>Der junge Chemiker Jan Meier bekommt nach seinem Studium eine Anstellung im Batterie-Forschungs-Institut von Professor Schmidt. Dort lernt er Suzan kennen und verliebt sich in sie.<br>Professor Schmidt weiht Jan in ein Geheimnis ein:<br>Er hat eine neue Akkutechnik erfunden, die eine hundertfach h\u00f6here Kapazit\u00e4t hat, als herk\u00f6mmliche Systeme.<br>Suzan, Jan und der Professor forschen tags\u00fcber im Institut und nachts im geheimen Labor.<br>Nachdem Mitarbeiter des Instituts ums Leben kommen, m\u00fcssen sie erkennen, dass irgend jemand hinter ihrem Geheimnis her ist.<br>Als dann auch noch der Professor verschwindet und die Polizei vor der T\u00fcr steht, beginnt f\u00fcr Suzan und Jan eine halsbrecherische Flucht. Nur eine Person kann ihnen jetzt noch helfen \u2013 Suzans Mutter. Die lebt allerdings am anderen Ende der Welt.<\/p>\n\n\n\n<p><\/p>\n\n\n\n<p><strong><a href=\"https:\/\/www.bastel-bastel.de\/blog\/?p=3171\">Kennst Du schon das Geheimnis der Nougats?<\/a><\/strong><\/p>\n","protected":false},"excerpt":{"rendered":"<p>Lesetipp:Meine neue Geschichte: Akku 2.0 &#8211; Energie f\u00fcr die Menschheit.Ein Umwelt-Krimi Der junge Chemiker Jan Meier bekommt nach seinem Studium<\/p>\n","protected":false},"author":1,"featured_media":1113,"parent":0,"menu_order":0,"comment_status":"closed","ping_status":"closed","template":"template-onecolumn.php","meta":{"footnotes":""},"class_list":["post-1151","page","type-page","status-publish","has-post-thumbnail","hentry","comments-off"],"_links":{"self":[{"href":"https:\/\/www.bastel-bastel.de\/blog\/index.php\/wp-json\/wp\/v2\/pages\/1151","targetHints":{"allow":["GET"]}}],"collection":[{"href":"https:\/\/www.bastel-bastel.de\/blog\/index.php\/wp-json\/wp\/v2\/pages"}],"about":[{"href":"https:\/\/www.bastel-bastel.de\/blog\/index.php\/wp-json\/wp\/v2\/types\/page"}],"author":[{"embeddable":true,"href":"https:\/\/www.bastel-bastel.de\/blog\/index.php\/wp-json\/wp\/v2\/users\/1"}],"replies":[{"embeddable":true,"href":"https:\/\/www.bastel-bastel.de\/blog\/index.php\/wp-json\/wp\/v2\/comments?post=1151"}],"version-history":[{"count":1,"href":"https:\/\/www.bastel-bastel.de\/blog\/index.php\/wp-json\/wp\/v2\/pages\/1151\/revisions"}],"predecessor-version":[{"id":4445,"href":"https:\/\/www.bastel-bastel.de\/blog\/index.php\/wp-json\/wp\/v2\/pages\/1151\/revisions\/4445"}],"wp:featuredmedia":[{"embeddable":true,"href":"https:\/\/www.bastel-bastel.de\/blog\/index.php\/wp-json\/"}],"wp:attachment":[{"href":"https:\/\/www.bastel-bastel.de\/blog\/index.php\/wp-json\/wp\/v2\/media?parent=1151"}],"curies":[{"name":"wp","href":"https:\/\/api.w.org\/{rel}","templated":true}]}}