{"id":11165,"date":"2024-01-01T12:30:59","date_gmt":"2024-01-01T11:30:59","guid":{"rendered":"https:\/\/www.bastel-bastel.de\/blog\/?page_id=11165"},"modified":"2024-01-01T12:30:59","modified_gmt":"2024-01-01T11:30:59","slug":"wetterstatistik-2024","status":"publish","type":"page","link":"https:\/\/www.bastel-bastel.de\/blog\/index.php\/wetterstatistik-2024\/","title":{"rendered":"Wetterstatistik 2024"},"content":{"rendered":"\n<h3 class=\"wp-block-heading\">2024 &#8211; die Monatsstatistiken in Tabellenform<\/h3>\n\n\n\n<p><a href=\"https:\/\/www.bastel-bastel.de\/blog\/wetter\/wetterdaten\/m202401.htm\"><strong>2024 &#8211; Januar<\/strong><\/a><\/p>\n\n\n\n<p><a href=\"https:\/\/www.bastel-bastel.de\/blog\/wetter\/wetterdaten\/m202402.htm\"><strong>2024 &#8211; Februar<\/strong><\/a><\/p>\n\n\n\n<p><a href=\"https:\/\/www.bastel-bastel.de\/blog\/wetter\/wetterdaten\/m202403.htm\"><strong>2024 &#8211; M\u00e4rz<\/strong><\/a><\/p>\n\n\n\n<p><a href=\"https:\/\/www.bastel-bastel.de\/blog\/wetter\/wetterdaten\/m202404.htm\"><strong>2024 &#8211; April<\/strong><\/a><\/p>\n\n\n\n<p><strong><a href=\"https:\/\/www.bastel-bastel.de\/blog\/wetter\/wetterdaten\/m202405.htm\">2024 &#8211; Mai<\/a><\/strong><\/p>\n\n\n\n<p><strong><a href=\"https:\/\/www.bastel-bastel.de\/blog\/wetter\/wetterdaten\/m202406.htm\">2024 &#8211; Juni<\/a><\/strong><\/p>\n\n\n\n<p><strong><a href=\"https:\/\/www.bastel-bastel.de\/blog\/wetter\/wetterdaten\/m202407.htm\">2024 &#8211; Juli<\/a><\/strong><\/p>\n\n\n\n<p><strong><a href=\"https:\/\/www.bastel-bastel.de\/blog\/wetter\/wetterdaten\/m202408.htm\">2024 &#8211; August<\/a><\/strong><\/p>\n\n\n\n<p><strong><a href=\"https:\/\/www.bastel-bastel.de\/blog\/wetter\/wetterdaten\/m202409.htm\">2024 &#8211; September<\/a><\/strong><\/p>\n\n\n\n<p><strong><a href=\"https:\/\/www.bastel-bastel.de\/blog\/wetter\/wetterdaten\/m202410.htm\">2024 &#8211; Oktober<\/a><\/strong><\/p>\n\n\n\n<p><strong><a href=\"https:\/\/www.bastel-bastel.de\/blog\/wetter\/wetterdaten\/m202411.htm\">2024 &#8211; November<\/a><\/strong><\/p>\n\n\n\n<p><strong><a href=\"https:\/\/www.bastel-bastel.de\/blog\/wetter\/wetterdaten\/m202412.htm\">2024 &#8211; Dezember<\/a><\/strong><\/p>\n\n\n\n<p><\/p>\n\n\n\n<p><\/p>\n\n\n\n<h3 class=\"wp-block-heading\">Das komplette Jahr im \u00dcberblick<br><\/h3>\n\n\n\n<p><strong><a href=\"https:\/\/www.bastel-bastel.de\/blog\/wetter\/wetterdaten\/j2024.htm\">2024 &#8211; Das Jahr als Tabelle<\/a><\/strong><\/p>\n\n\n\n<p><a href=\"https:\/\/www.bastel-bastel.de\/blog\/wetter\/wetterdaten\/minmax2024.htm\"><strong>2024 &#8211; Min-Max-Werte<\/strong><\/a><\/p>\n\n\n\n<p><\/p>\n\n\n\n<h3 class=\"wp-block-heading\">Alle Daten ohne Gew\u00e4hr<\/h3>\n\n\n\n<p><strong><em>Die Daten wurden hobbym\u00e4\u00dfig erfasst und sind nicht verbindlich. Verwendung zu gewerblichen Zwecken oder f\u00fcr Versicherungszwecke (Dokumentation Hagel-\/Sturmschaden, etc.) nicht zul\u00e4ssig.<\/em><\/strong><\/p>\n","protected":false},"excerpt":{"rendered":"<p>2024 &#8211; die Monatsstatistiken in Tabellenform 2024 &#8211; Januar 2024 &#8211; Februar 2024 &#8211; M\u00e4rz 2024 &#8211; April 2024 &#8211;<\/p>\n","protected":false},"author":1,"featured_media":0,"parent":0,"menu_order":0,"comment_status":"closed","ping_status":"closed","template":"","meta":{"footnotes":""},"class_list":["post-11165","page","type-page","status-publish","hentry","comments-off"],"_links":{"self":[{"href":"https:\/\/www.bastel-bastel.de\/blog\/index.php\/wp-json\/wp\/v2\/pages\/11165","targetHints":{"allow":["GET"]}}],"collection":[{"href":"https:\/\/www.bastel-bastel.de\/blog\/index.php\/wp-json\/wp\/v2\/pages"}],"about":[{"href":"https:\/\/www.bastel-bastel.de\/blog\/index.php\/wp-json\/wp\/v2\/types\/page"}],"author":[{"embeddable":true,"href":"https:\/\/www.bastel-bastel.de\/blog\/index.php\/wp-json\/wp\/v2\/users\/1"}],"replies":[{"embeddable":true,"href":"https:\/\/www.bastel-bastel.de\/blog\/index.php\/wp-json\/wp\/v2\/comments?post=11165"}],"version-history":[{"count":1,"href":"https:\/\/www.bastel-bastel.de\/blog\/index.php\/wp-json\/wp\/v2\/pages\/11165\/revisions"}],"predecessor-version":[{"id":11166,"href":"https:\/\/www.bastel-bastel.de\/blog\/index.php\/wp-json\/wp\/v2\/pages\/11165\/revisions\/11166"}],"wp:attachment":[{"href":"https:\/\/www.bastel-bastel.de\/blog\/index.php\/wp-json\/wp\/v2\/media?parent=11165"}],"curies":[{"name":"wp","href":"https:\/\/api.w.org\/{rel}","templated":true}]}}